{"id":1702,"date":"2024-05-06T05:33:15","date_gmt":"2024-05-06T05:33:15","guid":{"rendered":"https:\/\/farmscharm.com\/politica-sulla-privacy"},"modified":"2024-05-06T05:47:01","modified_gmt":"2024-05-06T05:47:01","slug":"politica-sulla-privacy","status":"publish","type":"page","link":"https:\/\/farmscharm.com\/it\/politica-sulla-privacy","title":{"rendered":"Politica sulla privacy"},"content":{"rendered":"\t\t<div data-elementor-type=\"wp-page\" data-elementor-id=\"1702\" class=\"elementor elementor-1702 elementor-1692\" data-elementor-post-type=\"page\">\n\t\t\t\t<div class=\"elementor-element elementor-element-7e3da96c e-flex e-con-boxed e-con e-parent\" data-id=\"7e3da96c\" data-element_type=\"container\" data-e-type=\"container\" data-settings=\"{&quot;background_background&quot;:&quot;classic&quot;}\">\n\t\t\t\t\t<div class=\"e-con-inner\">\n\t\t\t\t<div class=\"elementor-element elementor-element-2ba0d8c8 elementor-widget__width-auto elementor-widget elementor-widget-heading\" data-id=\"2ba0d8c8\" data-element_type=\"widget\" data-e-type=\"widget\" data-widget_type=\"heading.default\">\n\t\t\t\t<div class=\"elementor-widget-container\">\n\t\t\t\t\t<span class=\"elementor-heading-title elementor-size-default\"><a href=\"https:\/\/farmscharm.com\/home\">Home<\/a><\/span>\t\t\t\t<\/div>\n\t\t\t\t<\/div>\n\t\t\t\t<div data-dce-title-color=\"#FFFFFF\" class=\"elementor-element elementor-element-7e452b40 elementor-widget__width-auto elementor-widget elementor-widget-heading\" data-id=\"7e452b40\" data-element_type=\"widget\" data-e-type=\"widget\" data-widget_type=\"heading.default\">\n\t\t\t\t<div class=\"elementor-widget-container\">\n\t\t\t\t\t<span class=\"elementor-heading-title elementor-size-default\">&gt;<\/span>\t\t\t\t<\/div>\n\t\t\t\t<\/div>\n\t\t\t\t\t<\/div>\n\t\t\t\t<\/div>\n\t\t<div class=\"elementor-element elementor-element-75746329 e-flex e-con-boxed e-con e-parent\" data-id=\"75746329\" data-element_type=\"container\" data-e-type=\"container\" data-settings=\"{&quot;background_background&quot;:&quot;classic&quot;}\">\n\t\t\t\t\t<div class=\"e-con-inner\">\n\t\t\t\t\t<\/div>\n\t\t\t\t<\/div>\n\t\t<div class=\"elementor-element elementor-element-394cf1a e-flex e-con-boxed e-con e-parent\" data-id=\"394cf1a\" data-element_type=\"container\" data-e-type=\"container\">\n\t\t\t\t\t<div class=\"e-con-inner\">\n\t\t\t\t<div class=\"elementor-element elementor-element-6244cf8 elementor-widget elementor-widget-text-editor\" data-id=\"6244cf8\" data-element_type=\"widget\" data-e-type=\"widget\" data-widget_type=\"text-editor.default\">\n\t\t\t\t<div class=\"elementor-widget-container\">\n\t\t\t\t\t\t\t\t\t<p>In FARMS&#8217;CHARM prendiamo molto sul serio la protezione dei dati personali. Il nostro scopo \u00e8 proteggere la riservatezza dei dati che ci fornisci e rispettare le normative vigenti in materia di protezione dei dati personali. <\/p>\n<p><span style=\"font-weight: 400;\">In conformit\u00e0 con la legge 3\/2018 del 5 dicembre sulla protezione dei dati personali e sulla garanzia dei diritti digitali che recepisce il regolamento (UE) 2016\/679, ti informiamo delle seguenti informazioni sulla nostra politica sulla privacy e sulla protezione dei dati:<\/span><\/p>\n\t\t\t\t\t\t\t\t<\/div>\n\t\t\t\t<\/div>\n\t\t\t\t<div class=\"elementor-element elementor-element-69028f2 elementor-widget elementor-widget-heading\" data-id=\"69028f2\" data-element_type=\"widget\" data-e-type=\"widget\" data-widget_type=\"heading.default\">\n\t\t\t\t<div class=\"elementor-widget-container\">\n\t\t\t\t\t<h3 class=\"elementor-heading-title elementor-size-default\">Chi \u00e8 il titolare del trattamento dei tuoi dati?<\/h3>\t\t\t\t<\/div>\n\t\t\t\t<\/div>\n\t\t\t\t<div class=\"elementor-element elementor-element-d6c581b elementor-widget elementor-widget-text-editor\" data-id=\"d6c581b\" data-element_type=\"widget\" data-e-type=\"widget\" data-widget_type=\"text-editor.default\">\n\t\t\t\t<div class=\"elementor-widget-container\">\n\t\t\t\t\t\t\t\t\t<p><span data-sheets-value=\"{\"1\":2,\"2\":\"The organization responsible of your data is [Name of the Project Coordinator]. This is a [Type of organization] located in [City, Country].\"}\" data-sheets-userformat=\"{\"2\":15235,\"3\":{\"1\":0},\"4\":{\"1\":2,\"2\":16777215},\"10\":0,\"11\":4,\"12\":0,\"14\":{\"1\":3,\"3\":1},\"15\":\"Calibri\",\"16\":12}\" data-sheets-textstyleruns=\"{\"1\":0}\uee10{\"1\":45,\"2\":{\"2\":{\"1\":2,\"2\":16711680}}}\uee10{\"1\":78}\uee10{\"1\":90,\"2\":{\"2\":{\"1\":2,\"2\":16711680}}}\uee10{\"1\":112}\uee10{\"1\":124,\"2\":{\"2\":{\"1\":2,\"2\":16711680}}}\uee10{\"1\":139}\">L&#8217;organizzazione responsabile dei tuoi dati \u00e8 Association of Private Farming of the Czech Republic (APF CR).<\/span><\/p>\n\t\t\t\t\t\t\t\t<\/div>\n\t\t\t\t<\/div>\n\t\t<div class=\"elementor-element elementor-element-84c7da7 e-grid e-con-boxed e-con e-child\" data-id=\"84c7da7\" data-element_type=\"container\" data-e-type=\"container\">\n\t\t\t\t\t<div class=\"e-con-inner\">\n\t\t\t\t<div class=\"elementor-element elementor-element-e9df3d7 elementor-widget elementor-widget-heading\" data-id=\"e9df3d7\" data-element_type=\"widget\" data-e-type=\"widget\" data-widget_type=\"heading.default\">\n\t\t\t\t<div class=\"elementor-widget-container\">\n\t\t\t\t\t<div class=\"elementor-heading-title elementor-size-default\">Indirizzo<\/div>\t\t\t\t<\/div>\n\t\t\t\t<\/div>\n\t\t\t\t<div data-dce-title-color=\"#000000\" class=\"elementor-element elementor-element-c2fddf5 elementor-widget elementor-widget-heading\" data-id=\"c2fddf5\" data-element_type=\"widget\" data-e-type=\"widget\" data-widget_type=\"heading.default\">\n\t\t\t\t<div class=\"elementor-widget-container\">\n\t\t\t\t\t<div class=\"elementor-heading-title elementor-size-default\">Samcova 1, 110 00, Prague 1, Czech Republic<\/div>\t\t\t\t<\/div>\n\t\t\t\t<\/div>\n\t\t\t\t<div class=\"elementor-element elementor-element-95ef6f7 elementor-widget elementor-widget-heading\" data-id=\"95ef6f7\" data-element_type=\"widget\" data-e-type=\"widget\" data-widget_type=\"heading.default\">\n\t\t\t\t<div class=\"elementor-widget-container\">\n\t\t\t\t\t<div class=\"elementor-heading-title elementor-size-default\">Contatto e-mail<\/div>\t\t\t\t<\/div>\n\t\t\t\t<\/div>\n\t\t\t\t<div class=\"elementor-element elementor-element-a53e43e elementor-widget elementor-widget-heading\" data-id=\"a53e43e\" data-element_type=\"widget\" data-e-type=\"widget\" data-widget_type=\"heading.default\">\n\t\t\t\t<div class=\"elementor-widget-container\">\n\t\t\t\t\t<div class=\"elementor-heading-title elementor-size-default\"><a href=\"mailto:info@farmscharm.com\">info@farmscharm.com<\/a><\/div>\t\t\t\t<\/div>\n\t\t\t\t<\/div>\n\t\t\t\t\t<\/div>\n\t\t\t\t<\/div>\n\t\t\t\t<div class=\"elementor-element elementor-element-2f784a3 elementor-widget elementor-widget-heading\" data-id=\"2f784a3\" data-element_type=\"widget\" data-e-type=\"widget\" data-widget_type=\"heading.default\">\n\t\t\t\t<div class=\"elementor-widget-container\">\n\t\t\t\t\t<h3 class=\"elementor-heading-title elementor-size-default\">Qual \u00e8 lo scopo del trattamento?<\/h3>\t\t\t\t<\/div>\n\t\t\t\t<\/div>\n\t\t\t\t<div class=\"elementor-element elementor-element-68939fc elementor-widget elementor-widget-text-editor\" data-id=\"68939fc\" data-element_type=\"widget\" data-e-type=\"widget\" data-widget_type=\"text-editor.default\">\n\t\t\t\t<div class=\"elementor-widget-container\">\n\t\t\t\t\t\t\t\t\t<ul>\n<li style=\"font-weight: 400;\" aria-level=\"1\"><span style=\"font-weight: 400;\">Per rispondere a richieste, reclami e incidenti trasferiti attraverso i nostri canali di contatto incorporati nel sito web.<\/span><\/li>\n<li style=\"font-weight: 400;\" aria-level=\"1\"><span style=\"font-weight: 400;\">Comprendere il comportamento del navigatore all\u2019interno del web al fine di rilevare eventuali attacchi informatici al nostro web.<\/span><\/li>\n<li style=\"font-weight: 400;\" aria-level=\"1\"><span style=\"font-weight: 400;\">Rispettare gli obblighi legali a noi direttamente applicabili e regolare la nostra attivit\u00e0.<\/span><\/li>\n<li style=\"font-weight: 400;\" aria-level=\"1\"><span style=\"font-weight: 400;\">Per proteggere ed esercitare i nostri diritti o per rispondere a reclami di qualsiasi tipo.<\/span><\/li>\n<li style=\"font-weight: 400;\" aria-level=\"1\"><span style=\"font-weight: 400;\">Invio di newsletter relative ai beni o servizi che compongono l\u2019attivit\u00e0 del responsabile o notizie relative alla sua attivit\u00e0.<\/span><\/li>\n<\/ul>\n\t\t\t\t\t\t\t\t<\/div>\n\t\t\t\t<\/div>\n\t\t\t\t<div class=\"elementor-element elementor-element-fd7a6d7 elementor-widget elementor-widget-heading\" data-id=\"fd7a6d7\" data-element_type=\"widget\" data-e-type=\"widget\" data-widget_type=\"heading.default\">\n\t\t\t\t<div class=\"elementor-widget-container\">\n\t\t\t\t\t<h3 class=\"elementor-heading-title elementor-size-default\">Qual \u00e8 la base giuridica del trattamento?<\/h3>\t\t\t\t<\/div>\n\t\t\t\t<\/div>\n\t\t\t\t<div class=\"elementor-element elementor-element-3556e34 elementor-widget elementor-widget-text-editor\" data-id=\"3556e34\" data-element_type=\"widget\" data-e-type=\"widget\" data-widget_type=\"text-editor.default\">\n\t\t\t\t<div class=\"elementor-widget-container\">\n\t\t\t\t\t\t\t\t\t<p><span style=\"font-weight: 400;\">La base giuridica del trattamento dei Suoi dati \u00e8 il consenso dell\u2019interessato ai sensi dell\u2019articolo 6.1 a) del Regolamento, nonch\u00e9 il legittimo interesse del titolare del trattamento ai sensi dell\u2019articolo 6.1 f) del Regolamento.<\/span><\/p>\n<p><span style=\"font-weight: 400;\">I dati che ti chiediamo sono adeguati, pertinenti e strettamente necessari e in nessun caso sei obbligato a fornirceli, ma la loro mancata comunicazione pu\u00f2 pregiudicare la finalit\u00e0 del servizio o l\u2019impossibilit\u00e0 di fornirlo.<\/span><\/p>\n\t\t\t\t\t\t\t\t<\/div>\n\t\t\t\t<\/div>\n\t\t\t\t<div class=\"elementor-element elementor-element-2918fdc elementor-widget elementor-widget-heading\" data-id=\"2918fdc\" data-element_type=\"widget\" data-e-type=\"widget\" data-widget_type=\"heading.default\">\n\t\t\t\t<div class=\"elementor-widget-container\">\n\t\t\t\t\t<h3 class=\"elementor-heading-title elementor-size-default\">Per quanto tempo conserviamo i tuoi dati?<\/h3>\t\t\t\t<\/div>\n\t\t\t\t<\/div>\n\t\t\t\t<div class=\"elementor-element elementor-element-37ea285 elementor-widget elementor-widget-text-editor\" data-id=\"37ea285\" data-element_type=\"widget\" data-e-type=\"widget\" data-widget_type=\"text-editor.default\">\n\t\t\t\t<div class=\"elementor-widget-container\">\n\t\t\t\t\t\t\t\t\t<p><span data-sheets-value=\"{\"1\":2,\"2\":\"Your data will be kept for the time required for the proper provision of the service offered, as well as to meet the responsibilities that may arise from it and any other legal requirement.\"}\" data-sheets-userformat=\"{\"2\":15235,\"3\":{\"1\":0},\"4\":{\"1\":2,\"2\":16777215},\"10\":0,\"11\":4,\"12\":0,\"14\":{\"1\":3,\"3\":1},\"15\":\"Calibri\",\"16\":12}\">I tuoi dati saranno conservati per il tempo necessario alla corretta erogazione del servizio offerto, nonch\u00e9 per far fronte alle responsabilit\u00e0 che dallo stesso dovessero derivare ed ogni altro obbligo di legge.<\/span><\/p>\n\t\t\t\t\t\t\t\t<\/div>\n\t\t\t\t<\/div>\n\t\t\t\t<div class=\"elementor-element elementor-element-57abc89 elementor-widget elementor-widget-heading\" data-id=\"57abc89\" data-element_type=\"widget\" data-e-type=\"widget\" data-widget_type=\"heading.default\">\n\t\t\t\t<div class=\"elementor-widget-container\">\n\t\t\t\t\t<h3 class=\"elementor-heading-title elementor-size-default\">Quali destinatari riceveranno i tuoi dati?<\/h3>\t\t\t\t<\/div>\n\t\t\t\t<\/div>\n\t\t\t\t<div class=\"elementor-element elementor-element-cb07ff5 elementor-widget elementor-widget-text-editor\" data-id=\"cb07ff5\" data-element_type=\"widget\" data-e-type=\"widget\" data-widget_type=\"text-editor.default\">\n\t\t\t\t<div class=\"elementor-widget-container\">\n\t\t\t\t\t\t\t\t\t<p><span data-sheets-value=\"{\"1\":2,\"2\":\"While processing your data, [Name of the Organization responsible for the project] may share your data with:\"}\" data-sheets-userformat=\"{\"2\":15235,\"3\":{\"1\":0},\"4\":{\"1\":2,\"2\":16777215},\"10\":0,\"11\":4,\"12\":0,\"14\":{\"1\":3,\"3\":1},\"15\":\"Calibri\",\"16\":12}\" data-sheets-textstyleruns=\"{\"1\":0}\uee10{\"1\":28,\"2\":{\"2\":{\"1\":2,\"2\":16711680}}}\uee10{\"1\":82}\">Nel corso del trattamento dei tuoi dati, Association of Private Farming of the Czech Republic may share your data with<\/span>:<\/p>\n<p><span style=\"font-weight: 400;\">On Projects Advising SL, come fornitori di servizi di gestione e manutenzione web.<\/span><\/p>\n\t\t\t\t\t\t\t\t<\/div>\n\t\t\t\t<\/div>\n\t\t\t\t<div class=\"elementor-element elementor-element-4b7713a elementor-widget elementor-widget-heading\" data-id=\"4b7713a\" data-element_type=\"widget\" data-e-type=\"widget\" data-widget_type=\"heading.default\">\n\t\t\t\t<div class=\"elementor-widget-container\">\n\t\t\t\t\t<h3 class=\"elementor-heading-title elementor-size-default\">Quali sono i miei diritti?<\/h3>\t\t\t\t<\/div>\n\t\t\t\t<\/div>\n\t\t\t\t<div class=\"elementor-element elementor-element-71f73fe elementor-widget elementor-widget-text-editor\" data-id=\"71f73fe\" data-element_type=\"widget\" data-e-type=\"widget\" data-widget_type=\"text-editor.default\">\n\t\t\t\t<div class=\"elementor-widget-container\">\n\t\t\t\t\t\t\t\t\t<ul>\n<li style=\"font-weight: 400;\" aria-level=\"1\"><span style=\"font-weight: 400;\">Diritto di accesso: il diritto di ottenere conferma che sia o meno in corso un trattamento di dati personali, nonch\u00e9 il diritto di accesso a tali dati.<\/span><\/li>\n<li style=\"font-weight: 400;\" aria-level=\"1\"><span style=\"font-weight: 400;\">Diritto alla rettifica dei dati personali.<\/span><\/li>\n<li style=\"font-weight: 400;\" aria-level=\"1\"><span style=\"font-weight: 400;\">Diritto alla cancellazione<\/span><\/li>\n<li style=\"font-weight: 400;\" aria-level=\"1\"><span style=\"font-weight: 400;\">Diritto alla limitazione del trattamento<\/span><\/li>\n<li style=\"font-weight: 400;\" aria-level=\"1\"><span style=\"font-weight: 400;\">Diritto alla portabilit\u00e0 dei dati<\/span><\/li>\n<li style=\"font-weight: 400;\" aria-level=\"1\"><span style=\"font-weight: 400;\">Diritto di opposizione: diritto di opposizione al trattamento dei dati.<\/span><\/li>\n<\/ul>\n<p><span style=\"font-weight: 400;\">Il titolare del trattamento conserva il diritto di limitare i diritti di cui all\u2019articolo 23 del Regolamento UE, se tale restrizione \u00e8 prevista per tutelare, in particolare, i diritti e le libert\u00e0 fondamentali ed \u00e8 una misura necessaria e proporzionata.<\/span><\/p>\n\t\t\t\t\t\t\t\t<\/div>\n\t\t\t\t<\/div>\n\t\t\t\t<div class=\"elementor-element elementor-element-c8adebe elementor-widget elementor-widget-heading\" data-id=\"c8adebe\" data-element_type=\"widget\" data-e-type=\"widget\" data-widget_type=\"heading.default\">\n\t\t\t\t<div class=\"elementor-widget-container\">\n\t\t\t\t\t<h3 class=\"elementor-heading-title elementor-size-default\">Dove posso fare un reclamo?<\/h3>\t\t\t\t<\/div>\n\t\t\t\t<\/div>\n\t\t\t\t<div class=\"elementor-element elementor-element-ae6ada2 elementor-widget elementor-widget-text-editor\" data-id=\"ae6ada2\" data-element_type=\"widget\" data-e-type=\"widget\" data-widget_type=\"text-editor.default\">\n\t\t\t\t<div class=\"elementor-widget-container\">\n\t\t\t\t\t\t\t\t\t<p>Qualora l\u2019interessato ritenga che i propri dati non siano trattati correttamente, pu\u00f2 inviare i propri reclami al seguente indirizzo di posta elettronica; <a href=\"mailto:info@farmscharm.com\">info@farmscharm.com<\/a>.<\/p>\n<p><span style=\"font-weight: 400;\">L\u2019interessato dichiara di aver acquisito tutte queste informazioni.<\/span><\/p>\n\t\t\t\t\t\t\t\t<\/div>\n\t\t\t\t<\/div>\n\t\t\t\t\t<\/div>\n\t\t\t\t<\/div>\n\t\t\t\t<\/div>\n\t\t","protected":false},"excerpt":{"rendered":"<p>Home > In FARMS&#8217;CHARM prendiamo molto sul serio la protezione dei dati personali. Il nostro scopo \u00e8 proteggere la riservatezza dei dati che ci fornisci e rispettare le normative vigenti in materia di protezione dei dati personali. In conformit\u00e0 con la legge 3\/2018 del 5 dicembre sulla protezione dei dati personali e sulla garanzia dei [&hellip;]<\/p>\n","protected":false},"author":1,"featured_media":0,"parent":0,"menu_order":0,"comment_status":"closed","ping_status":"closed","template":"elementor_header_footer","meta":{"_acf_changed":false,"footnotes":""},"class_list":["post-1702","page","type-page","status-publish","hentry"],"acf":[],"yoast_head":"<!-- This site is optimized with the Yoast SEO plugin v27.2 - https:\/\/yoast.com\/product\/yoast-seo-wordpress\/ -->\n<title>Politica sulla privacy - FarmsCharm<\/title>\n<meta name=\"robots\" content=\"index, follow, max-snippet:-1, max-image-preview:large, max-video-preview:-1\" \/>\n<link rel=\"canonical\" href=\"https:\/\/farmscharm.com\/it\/politica-sulla-privacy\" \/>\n<meta property=\"og:locale\" content=\"it_IT\" \/>\n<meta property=\"og:type\" content=\"article\" \/>\n<meta property=\"og:title\" content=\"Politica sulla privacy - FarmsCharm\" \/>\n<meta property=\"og:description\" content=\"Home &gt; In FARMS&#8217;CHARM prendiamo molto sul serio la protezione dei dati personali. Il nostro scopo \u00e8 proteggere la riservatezza dei dati che ci fornisci e rispettare le normative vigenti in materia di protezione dei dati personali. In conformit\u00e0 con la legge 3\/2018 del 5 dicembre sulla protezione dei dati personali e sulla garanzia dei [&hellip;]\" \/>\n<meta property=\"og:url\" content=\"https:\/\/farmscharm.com\/it\/politica-sulla-privacy\" \/>\n<meta property=\"og:site_name\" content=\"FarmsCharm\" \/>\n<meta property=\"article:modified_time\" content=\"2024-05-06T05:47:01+00:00\" \/>\n<meta name=\"twitter:card\" content=\"summary_large_image\" \/>\n<meta name=\"twitter:label1\" content=\"Tempo di lettura stimato\" \/>\n\t<meta name=\"twitter:data1\" content=\"2 minuti\" \/>\n<script type=\"application\/ld+json\" class=\"yoast-schema-graph\">{\"@context\":\"https:\/\/schema.org\",\"@graph\":[{\"@type\":\"WebPage\",\"@id\":\"https:\/\/farmscharm.com\/it\/politica-sulla-privacy\",\"url\":\"https:\/\/farmscharm.com\/it\/politica-sulla-privacy\",\"name\":\"Politica sulla privacy - FarmsCharm\",\"isPartOf\":{\"@id\":\"https:\/\/farmscharm.com\/#website\"},\"datePublished\":\"2024-05-06T05:33:15+00:00\",\"dateModified\":\"2024-05-06T05:47:01+00:00\",\"breadcrumb\":{\"@id\":\"https:\/\/farmscharm.com\/it\/politica-sulla-privacy#breadcrumb\"},\"inLanguage\":\"it-IT\",\"potentialAction\":[{\"@type\":\"ReadAction\",\"target\":[\"https:\/\/farmscharm.com\/it\/politica-sulla-privacy\"]}]},{\"@type\":\"BreadcrumbList\",\"@id\":\"https:\/\/farmscharm.com\/it\/politica-sulla-privacy#breadcrumb\",\"itemListElement\":[{\"@type\":\"ListItem\",\"position\":1,\"name\":\"Home\",\"item\":\"https:\/\/farmscharm.com\/it\/home\"},{\"@type\":\"ListItem\",\"position\":2,\"name\":\"Politica sulla privacy\"}]},{\"@type\":\"WebSite\",\"@id\":\"https:\/\/farmscharm.com\/#website\",\"url\":\"https:\/\/farmscharm.com\/\",\"name\":\"FarmsCharm\",\"description\":\"\",\"publisher\":{\"@id\":\"https:\/\/farmscharm.com\/#organization\"},\"potentialAction\":[{\"@type\":\"SearchAction\",\"target\":{\"@type\":\"EntryPoint\",\"urlTemplate\":\"https:\/\/farmscharm.com\/?s={search_term_string}\"},\"query-input\":{\"@type\":\"PropertyValueSpecification\",\"valueRequired\":true,\"valueName\":\"search_term_string\"}}],\"inLanguage\":\"it-IT\"},{\"@type\":\"Organization\",\"@id\":\"https:\/\/farmscharm.com\/#organization\",\"name\":\"FarmsCharm\",\"url\":\"https:\/\/farmscharm.com\/\",\"logo\":{\"@type\":\"ImageObject\",\"inLanguage\":\"it-IT\",\"@id\":\"https:\/\/farmscharm.com\/#\/schema\/logo\/image\/\",\"url\":\"https:\/\/farmscharm.com\/wp-content\/uploads\/2023\/03\/farms-charm-color.png\",\"contentUrl\":\"https:\/\/farmscharm.com\/wp-content\/uploads\/2023\/03\/farms-charm-color.png\",\"width\":2362,\"height\":1106,\"caption\":\"FarmsCharm\"},\"image\":{\"@id\":\"https:\/\/farmscharm.com\/#\/schema\/logo\/image\/\"}}]}<\/script>\n<!-- \/ Yoast SEO plugin. -->","yoast_head_json":{"title":"Politica sulla privacy - FarmsCharm","robots":{"index":"index","follow":"follow","max-snippet":"max-snippet:-1","max-image-preview":"max-image-preview:large","max-video-preview":"max-video-preview:-1"},"canonical":"https:\/\/farmscharm.com\/it\/politica-sulla-privacy","og_locale":"it_IT","og_type":"article","og_title":"Politica sulla privacy - FarmsCharm","og_description":"Home > In FARMS&#8217;CHARM prendiamo molto sul serio la protezione dei dati personali. Il nostro scopo \u00e8 proteggere la riservatezza dei dati che ci fornisci e rispettare le normative vigenti in materia di protezione dei dati personali. In conformit\u00e0 con la legge 3\/2018 del 5 dicembre sulla protezione dei dati personali e sulla garanzia dei [&hellip;]","og_url":"https:\/\/farmscharm.com\/it\/politica-sulla-privacy","og_site_name":"FarmsCharm","article_modified_time":"2024-05-06T05:47:01+00:00","twitter_card":"summary_large_image","twitter_misc":{"Tempo di lettura stimato":"2 minuti"},"schema":{"@context":"https:\/\/schema.org","@graph":[{"@type":"WebPage","@id":"https:\/\/farmscharm.com\/it\/politica-sulla-privacy","url":"https:\/\/farmscharm.com\/it\/politica-sulla-privacy","name":"Politica sulla privacy - FarmsCharm","isPartOf":{"@id":"https:\/\/farmscharm.com\/#website"},"datePublished":"2024-05-06T05:33:15+00:00","dateModified":"2024-05-06T05:47:01+00:00","breadcrumb":{"@id":"https:\/\/farmscharm.com\/it\/politica-sulla-privacy#breadcrumb"},"inLanguage":"it-IT","potentialAction":[{"@type":"ReadAction","target":["https:\/\/farmscharm.com\/it\/politica-sulla-privacy"]}]},{"@type":"BreadcrumbList","@id":"https:\/\/farmscharm.com\/it\/politica-sulla-privacy#breadcrumb","itemListElement":[{"@type":"ListItem","position":1,"name":"Home","item":"https:\/\/farmscharm.com\/it\/home"},{"@type":"ListItem","position":2,"name":"Politica sulla privacy"}]},{"@type":"WebSite","@id":"https:\/\/farmscharm.com\/#website","url":"https:\/\/farmscharm.com\/","name":"FarmsCharm","description":"","publisher":{"@id":"https:\/\/farmscharm.com\/#organization"},"potentialAction":[{"@type":"SearchAction","target":{"@type":"EntryPoint","urlTemplate":"https:\/\/farmscharm.com\/?s={search_term_string}"},"query-input":{"@type":"PropertyValueSpecification","valueRequired":true,"valueName":"search_term_string"}}],"inLanguage":"it-IT"},{"@type":"Organization","@id":"https:\/\/farmscharm.com\/#organization","name":"FarmsCharm","url":"https:\/\/farmscharm.com\/","logo":{"@type":"ImageObject","inLanguage":"it-IT","@id":"https:\/\/farmscharm.com\/#\/schema\/logo\/image\/","url":"https:\/\/farmscharm.com\/wp-content\/uploads\/2023\/03\/farms-charm-color.png","contentUrl":"https:\/\/farmscharm.com\/wp-content\/uploads\/2023\/03\/farms-charm-color.png","width":2362,"height":1106,"caption":"FarmsCharm"},"image":{"@id":"https:\/\/farmscharm.com\/#\/schema\/logo\/image\/"}}]}},"_links":{"self":[{"href":"https:\/\/farmscharm.com\/it\/wp-json\/wp\/v2\/pages\/1702","targetHints":{"allow":["GET"]}}],"collection":[{"href":"https:\/\/farmscharm.com\/it\/wp-json\/wp\/v2\/pages"}],"about":[{"href":"https:\/\/farmscharm.com\/it\/wp-json\/wp\/v2\/types\/page"}],"author":[{"embeddable":true,"href":"https:\/\/farmscharm.com\/it\/wp-json\/wp\/v2\/users\/1"}],"replies":[{"embeddable":true,"href":"https:\/\/farmscharm.com\/it\/wp-json\/wp\/v2\/comments?post=1702"}],"version-history":[{"count":6,"href":"https:\/\/farmscharm.com\/it\/wp-json\/wp\/v2\/pages\/1702\/revisions"}],"predecessor-version":[{"id":1773,"href":"https:\/\/farmscharm.com\/it\/wp-json\/wp\/v2\/pages\/1702\/revisions\/1773"}],"wp:attachment":[{"href":"https:\/\/farmscharm.com\/it\/wp-json\/wp\/v2\/media?parent=1702"}],"curies":[{"name":"wp","href":"https:\/\/api.w.org\/{rel}","templated":true}]}}