{"id":629,"date":"2023-04-18T09:58:52","date_gmt":"2023-04-18T09:58:52","guid":{"rendered":"https:\/\/farmscharm.com\/noticias"},"modified":"2023-07-12T07:07:57","modified_gmt":"2023-07-12T07:07:57","slug":"noticias","status":"publish","type":"page","link":"https:\/\/farmscharm.com\/es\/noticias","title":{"rendered":"Noticias"},"content":{"rendered":"\t\t<div data-elementor-type=\"wp-page\" data-elementor-id=\"629\" class=\"elementor elementor-629 elementor-321\" data-elementor-post-type=\"page\">\n\t\t\t\t<div class=\"elementor-element elementor-element-4f8b703 e-flex e-con-boxed e-con e-parent\" data-id=\"4f8b703\" data-element_type=\"container\" data-e-type=\"container\" data-settings=\"{&quot;background_background&quot;:&quot;classic&quot;}\">\n\t\t\t\t\t<div class=\"e-con-inner\">\n\t\t\t\t<div class=\"elementor-element elementor-element-a002d12 elementor-widget__width-auto elementor-widget elementor-widget-heading\" data-id=\"a002d12\" data-element_type=\"widget\" data-e-type=\"widget\" data-widget_type=\"heading.default\">\n\t\t\t\t<div class=\"elementor-widget-container\">\n\t\t\t\t\t<span class=\"elementor-heading-title elementor-size-default\">Inicio<\/span>\t\t\t\t<\/div>\n\t\t\t\t<\/div>\n\t\t\t\t<div data-dce-title-color=\"#FFFFFF\" class=\"elementor-element elementor-element-fd57584 elementor-widget__width-auto elementor-widget elementor-widget-heading\" data-id=\"fd57584\" data-element_type=\"widget\" data-e-type=\"widget\" data-widget_type=\"heading.default\">\n\t\t\t\t<div class=\"elementor-widget-container\">\n\t\t\t\t\t<span class=\"elementor-heading-title elementor-size-default\">&gt;<\/span>\t\t\t\t<\/div>\n\t\t\t\t<\/div>\n\t\t\t\t\t<\/div>\n\t\t\t\t<\/div>\n\t\t<div class=\"elementor-element elementor-element-36f602c e-flex e-con-boxed e-con e-parent\" data-id=\"36f602c\" data-element_type=\"container\" data-e-type=\"container\">\n\t\t\t\t\t<div class=\"e-con-inner\">\n\t\t\t\t<div class=\"elementor-element elementor-element-adedea7 elementor-widget elementor-widget-heading\" data-id=\"adedea7\" data-element_type=\"widget\" data-e-type=\"widget\" data-widget_type=\"heading.default\">\n\t\t\t\t<div class=\"elementor-widget-container\">\n\t\t\t\t\t<h1 class=\"elementor-heading-title elementor-size-default\">\u00daltimas noticias<\/h1>\t\t\t\t<\/div>\n\t\t\t\t<\/div>\n\t\t\t\t<div class=\"elementor-element elementor-element-cda6c38 dce-posts-layout-default dce-col-4 dce-col-tablet-3 dce-col-mobile-1 dce-align-left elementor-widget elementor-widget-dce-dynamicposts-v2\" data-id=\"cda6c38\" data-element_type=\"widget\" data-e-type=\"widget\" data-settings=\"{&quot;grid_filters_match_height&quot;:&quot;yes&quot;,&quot;grid_filters_match_height_by_row&quot;:&quot;true&quot;,&quot;style_items&quot;:&quot;default&quot;,&quot;grid_filters_all_filter&quot;:&quot;yes&quot;,&quot;grid_filters_all_default&quot;:&quot;yes&quot;,&quot;grid_filters_grid_type&quot;:&quot;flex&quot;}\" data-widget_type=\"dce-dynamicposts-v2.grid-filters\">\n\t\t\t\t<div class=\"elementor-widget-container\">\n\t\t\t\t\t\n\t\t<div class=\"dce-fix-background-loop dce-posts-container dce-posts dce-dynamic-posts-collection  dce-grid-filters-container dce-skin-grid-filters dce-skin-grid dce-skin-grid-flex\">\n\t\t\t<div class=\"dce-filters align-left\"><span class=\"filters-item filter-active\"><a href=\"#\" data-filter=\"*\">Todas<\/a><\/span><span class=\"filters-separator\"> <\/span><span class=\"filters-item\"><a href=\"#\" data-e-disable-page-transition=\"false\" data-filter=\".category-granada-es\">Granada<\/a><\/span><span class=\"filters-separator\"> <\/span><span class=\"filters-item\"><a href=\"#\" data-e-disable-page-transition=\"false\" data-filter=\".category-praga\">Praga<\/a><\/span><span class=\"filters-separator\"> <\/span><span class=\"filters-item\"><a href=\"#\" data-e-disable-page-transition=\"false\" data-filter=\".category-reuniones\">Reuniones<\/a><\/span><span class=\"filters-separator\"> <\/span><span class=\"filters-item\"><a href=\"#\" data-e-disable-page-transition=\"false\" data-filter=\".category-viena\">Viena<\/a><\/span><\/select><\/div>\t\t\t<div class=\"dce-posts-wrapper dce-grid-filters-wrapper dce-wrapper-grid-filters dce-wrapper-grid\">\n\t\t\t\n\t\t<article class=\"post-2159 post type-post status-publish format-standard has-post-thumbnail hentry category-reuniones dce-post dce-post-item dce-item-filterable dce-grid-filters-item dce-item-grid-filters dce-item-grid\" data-dce-post-id=\"2159\" data-dce-post-index=\"0\">\n\t\t\t<div class=\"dce-post-block\">\n\t\t<div class=\"dce-item dce-item_title elementor-repeater-item-099a576\"><h3 class=\"dce-post-title\"><a href=\"https:\/\/farmscharm.com\/es\/5a-reunion-transnacional-del-proyecto-farms-charm-organizada-por-associazione-sviluppo-rurale-en-spoleto-italia-los-dias-24-y-25-de-septiembre-de-2024\">5\u00aa Reuni\u00f3n Transnacional del Proyecto FARMS&#8217; CHARM Organizada por Associazione Sviluppo Rurale en Spoleto, Italia, los d\u00edas 24 y 25 de septiembre de 2024<\/a><\/h3><\/div><div class=\"dce-item dce-item_content elementor-repeater-item-8e246b3\"><div class=\"dce-post-content\">La \u00faltima reuni\u00f3n transnacional del proyecto CHARM de FARMS se celebr\u00f3 en Spoleto (Italia). Durante el primer d\u00eda, &hellip;<\/div><\/div><div class=\"dce-item dce-item_readmore elementor-repeater-item-edea129\">\t\t<div class=\"dce-post-button\">\n\t\t\t<a href=\"https:\/\/farmscharm.com\/es\/5a-reunion-transnacional-del-proyecto-farms-charm-organizada-por-associazione-sviluppo-rurale-en-spoleto-italia-los-dias-24-y-25-de-septiembre-de-2024\" class=\"elementor-button-link elementor-button dce-button elementor-size-sm\" role=\"button\" >\n\t\t\tLeer mas &gt;\t\t\t<\/a>\n\t\t<\/div>\n\t\t<\/div>\t\t\t<\/div>\n\t\t<\/article>\n\t\t\n\t\t<article class=\"post-1837 post type-post status-publish format-standard has-post-thumbnail hentry category-reuniones dce-post dce-post-item dce-item-filterable dce-grid-filters-item dce-item-grid-filters dce-item-grid\" data-dce-post-id=\"1837\" data-dce-post-index=\"1\">\n\t\t\t<div class=\"dce-post-block\">\n\t\t<div class=\"dce-item dce-item_title elementor-repeater-item-099a576\"><h3 class=\"dce-post-title\"><a href=\"https:\/\/farmscharm.com\/es\/ltta-tiene-lugar-en-spoleto-la-segunda-sesion-de-formacion-del-proyecto-farms-charm\">LTTA &#8211; Tiene lugar en Spoleto la segunda sesi\u00f3n de formaci\u00f3n del proyecto FARMS&#8217; CHARM<\/a><\/h3><\/div><div class=\"dce-item dce-item_content elementor-repeater-item-8e246b3\"><div class=\"dce-post-content\">Spoleto, 3-7 de junio - La segunda actividad de formaci\u00f3n del proyecto FARMS' CHARM se celebr\u00f3 en Spoleto, organiza&hellip;<\/div><\/div><div class=\"dce-item dce-item_readmore elementor-repeater-item-edea129\">\t\t<div class=\"dce-post-button\">\n\t\t\t<a href=\"https:\/\/farmscharm.com\/es\/ltta-tiene-lugar-en-spoleto-la-segunda-sesion-de-formacion-del-proyecto-farms-charm\" class=\"elementor-button-link elementor-button dce-button elementor-size-sm\" role=\"button\" >\n\t\t\tLeer mas &gt;\t\t\t<\/a>\n\t\t<\/div>\n\t\t<\/div>\t\t\t<\/div>\n\t\t<\/article>\n\t\t\n\t\t<article class=\"post-1797 post type-post status-publish format-standard has-post-thumbnail hentry category-reuniones dce-post dce-post-item dce-item-filterable dce-grid-filters-item dce-item-grid-filters dce-item-grid\" data-dce-post-id=\"1797\" data-dce-post-index=\"2\">\n\t\t\t<div class=\"dce-post-block\">\n\t\t<div class=\"dce-item dce-item_title elementor-repeater-item-099a576\"><h3 class=\"dce-post-title\"><a href=\"https:\/\/farmscharm.com\/es\/4a-reunion-transnacional-del-proyecto-farms-charm-organizada-por-la-cyprus-agrotourism-company-tuvo-lugar-en-en-nicosia-chipre-los-dias-12-y-13-de-marzo-de-2024\">4\u00aa reuni\u00f3n transnacional del proyecto Farms&#8217; Charm organizada por la Cyprus Agrotourism Company tuvo lugar en en Nicosia, Chipre, los d\u00edas 12 y 13 de marzo de 2024.<\/a><\/h3><\/div><div class=\"dce-item dce-item_content elementor-repeater-item-8e246b3\"><div class=\"dce-post-content\">La cuarta reuni\u00f3n transnacional del proyecto Farms' Charm se celebr\u00f3 en Nicosia los d\u00edas 12 y 13 de marzo de 2024. &hellip;<\/div><\/div><div class=\"dce-item dce-item_readmore elementor-repeater-item-edea129\">\t\t<div class=\"dce-post-button\">\n\t\t\t<a href=\"https:\/\/farmscharm.com\/es\/4a-reunion-transnacional-del-proyecto-farms-charm-organizada-por-la-cyprus-agrotourism-company-tuvo-lugar-en-en-nicosia-chipre-los-dias-12-y-13-de-marzo-de-2024\" class=\"elementor-button-link elementor-button dce-button elementor-size-sm\" role=\"button\" >\n\t\t\tLeer mas &gt;\t\t\t<\/a>\n\t\t<\/div>\n\t\t<\/div>\t\t\t<\/div>\n\t\t<\/article>\n\t\t\n\t\t<article class=\"post-1221 post type-post status-publish format-standard has-post-thumbnail hentry category-granada-es category-reuniones dce-post dce-post-item dce-item-filterable dce-grid-filters-item dce-item-grid-filters dce-item-grid\" data-dce-post-id=\"1221\" data-dce-post-index=\"3\">\n\t\t\t<div class=\"dce-post-block\">\n\t\t<div class=\"dce-item dce-item_title elementor-repeater-item-099a576\"><h3 class=\"dce-post-title\"><a href=\"https:\/\/farmscharm.com\/es\/3a-reunion-transnacional-del-proyecto-farms-charm-organizada-por-onprojects-en-granada-espana-los-dias-19-20-de-septiembre-de-2023\">3\u00aa Reuni\u00f3n Transnacional del proyecto Farms&#8217; Charm organizada por OnProjects en Granada, Espa\u00f1a los d\u00edas 19-20 de septiembre de 2023<\/a><\/h3><\/div><div class=\"dce-item dce-item_content elementor-repeater-item-8e246b3\"><div class=\"dce-post-content\">La organizaci\u00f3n anfitriona On Projects y el coordinador del proyecto APF CR (Rep\u00fablica Checa) dieron la bienvenida &hellip;<\/div><\/div><div class=\"dce-item dce-item_readmore elementor-repeater-item-edea129\">\t\t<div class=\"dce-post-button\">\n\t\t\t<a href=\"https:\/\/farmscharm.com\/es\/3a-reunion-transnacional-del-proyecto-farms-charm-organizada-por-onprojects-en-granada-espana-los-dias-19-20-de-septiembre-de-2023\" class=\"elementor-button-link elementor-button dce-button elementor-size-sm\" role=\"button\" >\n\t\t\tLeer mas &gt;\t\t\t<\/a>\n\t\t<\/div>\n\t\t<\/div>\t\t\t<\/div>\n\t\t<\/article>\n\t\t\n\t\t<article class=\"post-1964 post type-post status-publish format-standard has-post-thumbnail hentry category-reuniones category-viena dce-post dce-post-item dce-item-filterable dce-grid-filters-item dce-item-grid-filters dce-item-grid\" data-dce-post-id=\"1964\" data-dce-post-index=\"4\">\n\t\t\t<div class=\"dce-post-block\">\n\t\t<div class=\"dce-item dce-item_title elementor-repeater-item-099a576\"><h3 class=\"dce-post-title\"><a href=\"https:\/\/farmscharm.com\/es\/viena-acoge-la-primera-sesion-de-formacion-de-farmscharm\">Viena acoge la primera sesi\u00f3n de formaci\u00f3n de FARMSCHARM<\/a><\/h3><\/div><div class=\"dce-item dce-item_content elementor-repeater-item-8e246b3\"><div class=\"dce-post-content\">La LTTA - Primera sesi\u00f3n de formaci\u00f3n dentro del proyecto Farms' Charm - Diversificaci\u00f3n de las actividades empresa&hellip;<\/div><\/div><div class=\"dce-item dce-item_readmore elementor-repeater-item-edea129\">\t\t<div class=\"dce-post-button\">\n\t\t\t<a href=\"https:\/\/farmscharm.com\/es\/viena-acoge-la-primera-sesion-de-formacion-de-farmscharm\" class=\"elementor-button-link elementor-button dce-button elementor-size-sm\" role=\"button\" >\n\t\t\tLeer mas &gt;\t\t\t<\/a>\n\t\t<\/div>\n\t\t<\/div>\t\t\t<\/div>\n\t\t<\/article>\n\t\t\n\t\t<article class=\"post-650 post type-post status-publish format-standard has-post-thumbnail hentry category-reuniones category-viena dce-post dce-post-item dce-item-filterable dce-grid-filters-item dce-item-grid-filters dce-item-grid\" data-dce-post-id=\"650\" data-dce-post-index=\"5\">\n\t\t\t<div class=\"dce-post-block\">\n\t\t<div class=\"dce-item dce-item_title elementor-repeater-item-099a576\"><h3 class=\"dce-post-title\"><a href=\"https:\/\/farmscharm.com\/es\/2a-reunion-transnacional-del-proyecto-farms-charm-organizada-por-best-en-viena-austria-en-marzo-de-2023\">2\u00aa Reuni\u00f3n transnacional del proyecto Farms&#8217; Charm organizada por BEST en Viena (Austria) en marzo de 2023<\/a><\/h3><\/div><div class=\"dce-item dce-item_content elementor-repeater-item-8e246b3\"><div class=\"dce-post-content\">Durante la reuni\u00f3n, la entidad anfitriona BEST y el coordinador del proyecto APF CR dieron la bienvenida a todos y &hellip;<\/div><\/div><div class=\"dce-item dce-item_readmore elementor-repeater-item-edea129\">\t\t<div class=\"dce-post-button\">\n\t\t\t<a href=\"https:\/\/farmscharm.com\/es\/2a-reunion-transnacional-del-proyecto-farms-charm-organizada-por-best-en-viena-austria-en-marzo-de-2023\" class=\"elementor-button-link elementor-button dce-button elementor-size-sm\" role=\"button\" >\n\t\t\tLeer mas &gt;\t\t\t<\/a>\n\t\t<\/div>\n\t\t<\/div>\t\t\t<\/div>\n\t\t<\/article>\n\t\t\n\t\t<article class=\"post-664 post type-post status-publish format-standard has-post-thumbnail hentry category-praga category-reuniones dce-post dce-post-item dce-item-filterable dce-grid-filters-item dce-item-grid-filters dce-item-grid\" data-dce-post-id=\"664\" data-dce-post-index=\"6\">\n\t\t\t<div class=\"dce-post-block\">\n\t\t<div class=\"dce-item dce-item_title elementor-repeater-item-099a576\"><h3 class=\"dce-post-title\"><a href=\"https:\/\/farmscharm.com\/es\/reunion-de-lanzamiento-del-proyecto-farms-charm-organizada-en-la-sede-de-apf-cr-en-praga-republica-checa-en-octubre-de-2022\">Reuni\u00f3n de lanzamiento del proyecto Farms&#8217; Charm organizada en la sede de APF CR en Praga, Rep\u00fablica Checa, en octubre de 2022.<\/a><\/h3><\/div><div class=\"dce-item dce-item_content elementor-repeater-item-8e246b3\"><div class=\"dce-post-content\">La reuni\u00f3n de lanzamiento del proyecto Farms' Charm tuvo lugar en Praga a finales del a\u00f1o pasado y fue todo un \u00e9xit&hellip;<\/div><\/div><div class=\"dce-item dce-item_readmore elementor-repeater-item-edea129\">\t\t<div class=\"dce-post-button\">\n\t\t\t<a href=\"https:\/\/farmscharm.com\/es\/reunion-de-lanzamiento-del-proyecto-farms-charm-organizada-en-la-sede-de-apf-cr-en-praga-republica-checa-en-octubre-de-2022\" class=\"elementor-button-link elementor-button dce-button elementor-size-sm\" role=\"button\" >\n\t\t\tLeer mas &gt;\t\t\t<\/a>\n\t\t<\/div>\n\t\t<\/div>\t\t\t<\/div>\n\t\t<\/article>\n\t\t\t\t\t<\/div>\n\t\t\t\t\t<\/div>\n\t\t\t\t\t\t<\/div>\n\t\t\t\t<\/div>\n\t\t\t\t\t<\/div>\n\t\t\t\t<\/div>\n\t\t\t\t<\/div>\n\t\t","protected":false},"excerpt":{"rendered":"<p>Inicio > \u00daltimas noticias Todas Meetings Prague Uncategorized Vienna LTTA &#8211; Learning Teaching Training Activity in Vienna, Austria The LTTA &#8211; First training activity within the project Farms&#8217; Charm &#8211; Diversification of Entrepreneurial Activities &hellip; Leer mas &gt; 2nd Transnational Project Meeting of the Farms\u2019 Charm project organized by BEST in Vienna Austria in March [&hellip;]<\/p>\n","protected":false},"author":1,"featured_media":0,"parent":0,"menu_order":0,"comment_status":"closed","ping_status":"closed","template":"elementor_header_footer","meta":{"_acf_changed":false,"footnotes":""},"class_list":["post-629","page","type-page","status-publish","hentry"],"acf":[],"yoast_head":"<!-- This site is optimized with the Yoast SEO plugin v27.2 - https:\/\/yoast.com\/product\/yoast-seo-wordpress\/ -->\n<title>Noticias - FarmsCharm<\/title>\n<meta name=\"robots\" content=\"index, follow, max-snippet:-1, max-image-preview:large, max-video-preview:-1\" \/>\n<link rel=\"canonical\" href=\"https:\/\/farmscharm.com\/es\/noticias\" \/>\n<meta property=\"og:locale\" content=\"es_ES\" \/>\n<meta property=\"og:type\" content=\"article\" \/>\n<meta property=\"og:title\" content=\"Noticias - FarmsCharm\" \/>\n<meta property=\"og:description\" content=\"Inicio &gt; \u00daltimas noticias Todas Meetings Prague Uncategorized Vienna LTTA &#8211; Learning Teaching Training Activity in Vienna, Austria The LTTA &#8211; First training activity within the project Farms&#8217; Charm &#8211; Diversification of Entrepreneurial Activities &hellip; Leer mas &gt; 2nd Transnational Project Meeting of the Farms\u2019 Charm project organized by BEST in Vienna Austria in March [&hellip;]\" \/>\n<meta property=\"og:url\" content=\"https:\/\/farmscharm.com\/es\/noticias\" \/>\n<meta property=\"og:site_name\" content=\"FarmsCharm\" \/>\n<meta property=\"article:modified_time\" content=\"2023-07-12T07:07:57+00:00\" \/>\n<meta name=\"twitter:card\" content=\"summary_large_image\" \/>\n<meta name=\"twitter:label1\" content=\"Tiempo de lectura\" \/>\n\t<meta name=\"twitter:data1\" content=\"1 minuto\" \/>\n<script type=\"application\/ld+json\" class=\"yoast-schema-graph\">{\"@context\":\"https:\/\/schema.org\",\"@graph\":[{\"@type\":\"WebPage\",\"@id\":\"https:\/\/farmscharm.com\/es\/noticias\",\"url\":\"https:\/\/farmscharm.com\/es\/noticias\",\"name\":\"Noticias - FarmsCharm\",\"isPartOf\":{\"@id\":\"https:\/\/farmscharm.com\/#website\"},\"datePublished\":\"2023-04-18T09:58:52+00:00\",\"dateModified\":\"2023-07-12T07:07:57+00:00\",\"breadcrumb\":{\"@id\":\"https:\/\/farmscharm.com\/es\/noticias#breadcrumb\"},\"inLanguage\":\"es\",\"potentialAction\":[{\"@type\":\"ReadAction\",\"target\":[\"https:\/\/farmscharm.com\/es\/noticias\"]}]},{\"@type\":\"BreadcrumbList\",\"@id\":\"https:\/\/farmscharm.com\/es\/noticias#breadcrumb\",\"itemListElement\":[{\"@type\":\"ListItem\",\"position\":1,\"name\":\"Home\",\"item\":\"https:\/\/farmscharm.com\/\"},{\"@type\":\"ListItem\",\"position\":2,\"name\":\"Noticias\"}]},{\"@type\":\"WebSite\",\"@id\":\"https:\/\/farmscharm.com\/#website\",\"url\":\"https:\/\/farmscharm.com\/\",\"name\":\"FarmsCharm\",\"description\":\"\",\"publisher\":{\"@id\":\"https:\/\/farmscharm.com\/#organization\"},\"potentialAction\":[{\"@type\":\"SearchAction\",\"target\":{\"@type\":\"EntryPoint\",\"urlTemplate\":\"https:\/\/farmscharm.com\/?s={search_term_string}\"},\"query-input\":{\"@type\":\"PropertyValueSpecification\",\"valueRequired\":true,\"valueName\":\"search_term_string\"}}],\"inLanguage\":\"es\"},{\"@type\":\"Organization\",\"@id\":\"https:\/\/farmscharm.com\/#organization\",\"name\":\"FarmsCharm\",\"url\":\"https:\/\/farmscharm.com\/\",\"logo\":{\"@type\":\"ImageObject\",\"inLanguage\":\"es\",\"@id\":\"https:\/\/farmscharm.com\/#\/schema\/logo\/image\/\",\"url\":\"https:\/\/farmscharm.com\/wp-content\/uploads\/2023\/03\/farms-charm-color.png\",\"contentUrl\":\"https:\/\/farmscharm.com\/wp-content\/uploads\/2023\/03\/farms-charm-color.png\",\"width\":2362,\"height\":1106,\"caption\":\"FarmsCharm\"},\"image\":{\"@id\":\"https:\/\/farmscharm.com\/#\/schema\/logo\/image\/\"}}]}<\/script>\n<!-- \/ Yoast SEO plugin. -->","yoast_head_json":{"title":"Noticias - FarmsCharm","robots":{"index":"index","follow":"follow","max-snippet":"max-snippet:-1","max-image-preview":"max-image-preview:large","max-video-preview":"max-video-preview:-1"},"canonical":"https:\/\/farmscharm.com\/es\/noticias","og_locale":"es_ES","og_type":"article","og_title":"Noticias - FarmsCharm","og_description":"Inicio > \u00daltimas noticias Todas Meetings Prague Uncategorized Vienna LTTA &#8211; Learning Teaching Training Activity in Vienna, Austria The LTTA &#8211; First training activity within the project Farms&#8217; Charm &#8211; Diversification of Entrepreneurial Activities &hellip; Leer mas &gt; 2nd Transnational Project Meeting of the Farms\u2019 Charm project organized by BEST in Vienna Austria in March [&hellip;]","og_url":"https:\/\/farmscharm.com\/es\/noticias","og_site_name":"FarmsCharm","article_modified_time":"2023-07-12T07:07:57+00:00","twitter_card":"summary_large_image","twitter_misc":{"Tiempo de lectura":"1 minuto"},"schema":{"@context":"https:\/\/schema.org","@graph":[{"@type":"WebPage","@id":"https:\/\/farmscharm.com\/es\/noticias","url":"https:\/\/farmscharm.com\/es\/noticias","name":"Noticias - FarmsCharm","isPartOf":{"@id":"https:\/\/farmscharm.com\/#website"},"datePublished":"2023-04-18T09:58:52+00:00","dateModified":"2023-07-12T07:07:57+00:00","breadcrumb":{"@id":"https:\/\/farmscharm.com\/es\/noticias#breadcrumb"},"inLanguage":"es","potentialAction":[{"@type":"ReadAction","target":["https:\/\/farmscharm.com\/es\/noticias"]}]},{"@type":"BreadcrumbList","@id":"https:\/\/farmscharm.com\/es\/noticias#breadcrumb","itemListElement":[{"@type":"ListItem","position":1,"name":"Home","item":"https:\/\/farmscharm.com\/"},{"@type":"ListItem","position":2,"name":"Noticias"}]},{"@type":"WebSite","@id":"https:\/\/farmscharm.com\/#website","url":"https:\/\/farmscharm.com\/","name":"FarmsCharm","description":"","publisher":{"@id":"https:\/\/farmscharm.com\/#organization"},"potentialAction":[{"@type":"SearchAction","target":{"@type":"EntryPoint","urlTemplate":"https:\/\/farmscharm.com\/?s={search_term_string}"},"query-input":{"@type":"PropertyValueSpecification","valueRequired":true,"valueName":"search_term_string"}}],"inLanguage":"es"},{"@type":"Organization","@id":"https:\/\/farmscharm.com\/#organization","name":"FarmsCharm","url":"https:\/\/farmscharm.com\/","logo":{"@type":"ImageObject","inLanguage":"es","@id":"https:\/\/farmscharm.com\/#\/schema\/logo\/image\/","url":"https:\/\/farmscharm.com\/wp-content\/uploads\/2023\/03\/farms-charm-color.png","contentUrl":"https:\/\/farmscharm.com\/wp-content\/uploads\/2023\/03\/farms-charm-color.png","width":2362,"height":1106,"caption":"FarmsCharm"},"image":{"@id":"https:\/\/farmscharm.com\/#\/schema\/logo\/image\/"}}]}},"_links":{"self":[{"href":"https:\/\/farmscharm.com\/es\/wp-json\/wp\/v2\/pages\/629","targetHints":{"allow":["GET"]}}],"collection":[{"href":"https:\/\/farmscharm.com\/es\/wp-json\/wp\/v2\/pages"}],"about":[{"href":"https:\/\/farmscharm.com\/es\/wp-json\/wp\/v2\/types\/page"}],"author":[{"embeddable":true,"href":"https:\/\/farmscharm.com\/es\/wp-json\/wp\/v2\/users\/1"}],"replies":[{"embeddable":true,"href":"https:\/\/farmscharm.com\/es\/wp-json\/wp\/v2\/comments?post=629"}],"version-history":[{"count":7,"href":"https:\/\/farmscharm.com\/es\/wp-json\/wp\/v2\/pages\/629\/revisions"}],"predecessor-version":[{"id":931,"href":"https:\/\/farmscharm.com\/es\/wp-json\/wp\/v2\/pages\/629\/revisions\/931"}],"wp:attachment":[{"href":"https:\/\/farmscharm.com\/es\/wp-json\/wp\/v2\/media?parent=629"}],"curies":[{"name":"wp","href":"https:\/\/api.w.org\/{rel}","templated":true}]}}