{"id":639,"date":"2023-04-18T09:58:52","date_gmt":"2023-04-18T09:58:52","guid":{"rendered":"https:\/\/farmscharm.com\/nachrichten"},"modified":"2023-07-12T07:08:26","modified_gmt":"2023-07-12T07:08:26","slug":"nachrichten","status":"publish","type":"page","link":"https:\/\/farmscharm.com\/de\/nachrichten","title":{"rendered":"Nachrichten"},"content":{"rendered":"\t\t<div data-elementor-type=\"wp-page\" data-elementor-id=\"639\" class=\"elementor elementor-639 elementor-321\" data-elementor-post-type=\"page\">\n\t\t\t\t<div class=\"elementor-element elementor-element-4f8b703 e-flex e-con-boxed e-con e-parent\" data-id=\"4f8b703\" data-element_type=\"container\" data-e-type=\"container\" data-settings=\"{&quot;background_background&quot;:&quot;classic&quot;}\">\n\t\t\t\t\t<div class=\"e-con-inner\">\n\t\t\t\t<div class=\"elementor-element elementor-element-a002d12 elementor-widget__width-auto elementor-widget elementor-widget-heading\" data-id=\"a002d12\" data-element_type=\"widget\" data-e-type=\"widget\" data-widget_type=\"heading.default\">\n\t\t\t\t<div class=\"elementor-widget-container\">\n\t\t\t\t\t<span class=\"elementor-heading-title elementor-size-default\">Home<\/span>\t\t\t\t<\/div>\n\t\t\t\t<\/div>\n\t\t\t\t<div data-dce-title-color=\"#FFFFFF\" class=\"elementor-element elementor-element-fd57584 elementor-widget__width-auto elementor-widget elementor-widget-heading\" data-id=\"fd57584\" data-element_type=\"widget\" data-e-type=\"widget\" data-widget_type=\"heading.default\">\n\t\t\t\t<div class=\"elementor-widget-container\">\n\t\t\t\t\t<span class=\"elementor-heading-title elementor-size-default\">&gt;<\/span>\t\t\t\t<\/div>\n\t\t\t\t<\/div>\n\t\t\t\t\t<\/div>\n\t\t\t\t<\/div>\n\t\t<div class=\"elementor-element elementor-element-36f602c e-flex e-con-boxed e-con e-parent\" data-id=\"36f602c\" data-element_type=\"container\" data-e-type=\"container\">\n\t\t\t\t\t<div class=\"e-con-inner\">\n\t\t\t\t<div class=\"elementor-element elementor-element-adedea7 elementor-widget elementor-widget-heading\" data-id=\"adedea7\" data-element_type=\"widget\" data-e-type=\"widget\" data-widget_type=\"heading.default\">\n\t\t\t\t<div class=\"elementor-widget-container\">\n\t\t\t\t\t<h1 class=\"elementor-heading-title elementor-size-default\">Neueste Nachrichten<\/h1>\t\t\t\t<\/div>\n\t\t\t\t<\/div>\n\t\t\t\t<div class=\"elementor-element elementor-element-cda6c38 dce-posts-layout-default dce-col-4 dce-col-tablet-3 dce-col-mobile-1 dce-align-left elementor-widget elementor-widget-dce-dynamicposts-v2\" data-id=\"cda6c38\" data-element_type=\"widget\" data-e-type=\"widget\" data-settings=\"{&quot;grid_filters_match_height&quot;:&quot;yes&quot;,&quot;grid_filters_match_height_by_row&quot;:&quot;true&quot;,&quot;style_items&quot;:&quot;default&quot;,&quot;grid_filters_all_filter&quot;:&quot;yes&quot;,&quot;grid_filters_all_default&quot;:&quot;yes&quot;,&quot;grid_filters_grid_type&quot;:&quot;flex&quot;}\" data-widget_type=\"dce-dynamicposts-v2.grid-filters\">\n\t\t\t\t<div class=\"elementor-widget-container\">\n\t\t\t\t\t\n\t\t<div class=\"dce-fix-background-loop dce-posts-container dce-posts dce-dynamic-posts-collection  dce-grid-filters-container dce-skin-grid-filters dce-skin-grid dce-skin-grid-flex\">\n\t\t\t<div class=\"dce-filters align-left\"><span class=\"filters-item filter-active\"><a href=\"#\" data-filter=\"*\">Alle<\/a><\/span><span class=\"filters-separator\"> <\/span><span class=\"filters-item\"><a href=\"#\" data-e-disable-page-transition=\"false\" data-filter=\".category-begegnungen\">Begegnungen<\/a><\/span><span class=\"filters-separator\"> <\/span><span class=\"filters-item\"><a href=\"#\" data-e-disable-page-transition=\"false\" data-filter=\".category-granada-de\">Granada<\/a><\/span><span class=\"filters-separator\"> <\/span><span class=\"filters-item\"><a href=\"#\" data-e-disable-page-transition=\"false\" data-filter=\".category-prag\">Prag<\/a><\/span><span class=\"filters-separator\"> <\/span><span class=\"filters-item\"><a href=\"#\" data-e-disable-page-transition=\"false\" data-filter=\".category-wien\">Wien<\/a><\/span><\/select><\/div>\t\t\t<div class=\"dce-posts-wrapper dce-grid-filters-wrapper dce-wrapper-grid-filters dce-wrapper-grid\">\n\t\t\t\n\t\t<article class=\"post-2167 post type-post status-publish format-standard has-post-thumbnail hentry category-begegnungen dce-post dce-post-item dce-item-filterable dce-grid-filters-item dce-item-grid-filters dce-item-grid\" data-dce-post-id=\"2167\" data-dce-post-index=\"0\">\n\t\t\t<div class=\"dce-post-block\">\n\t\t<div class=\"dce-item dce-item_title elementor-repeater-item-099a576\"><h3 class=\"dce-post-title\"><a href=\"https:\/\/farmscharm.com\/de\/4-transnationales-projekttreffen-des-farms-charm-projekts-organisiert-von-der-associazione-sviluppo-rurale-in-spoleto-italien-vom-24-bis-25-september-2024\">4. transnationales Projekttreffen des Farms\u2018 Charm-Projekts, organisiert von der Associazione Sviluppo Rurale in Spoleto, Italien, vom 24. bis 25. September 2024<\/a><\/h3><\/div><div class=\"dce-item dce-item_content elementor-repeater-item-8e246b3\"><div class=\"dce-post-content\">Das letzte transnationale Projekttreffen des Farms\u2018 Charm-Projektes fand in Spoleto, Italien, statt. Am ersten Tag &hellip;<\/div><\/div><div class=\"dce-item dce-item_readmore elementor-repeater-item-edea129\">\t\t<div class=\"dce-post-button\">\n\t\t\t<a href=\"https:\/\/farmscharm.com\/de\/4-transnationales-projekttreffen-des-farms-charm-projekts-organisiert-von-der-associazione-sviluppo-rurale-in-spoleto-italien-vom-24-bis-25-september-2024\" class=\"elementor-button-link elementor-button dce-button elementor-size-sm\" role=\"button\" >\n\t\t\tMehr lesen &gt;\t\t\t<\/a>\n\t\t<\/div>\n\t\t<\/div>\t\t\t<\/div>\n\t\t<\/article>\n\t\t\n\t\t<article class=\"post-1843 post type-post status-publish format-standard has-post-thumbnail hentry category-begegnungen dce-post dce-post-item dce-item-filterable dce-grid-filters-item dce-item-grid-filters dce-item-grid\" data-dce-post-id=\"1843\" data-dce-post-index=\"1\">\n\t\t\t<div class=\"dce-post-block\">\n\t\t<div class=\"dce-item dce-item_title elementor-repeater-item-099a576\"><h3 class=\"dce-post-title\"><a href=\"https:\/\/farmscharm.com\/de\/ltta-spoleto-ist-gastgeber-der-zweiten-schulungsveranstaltung-im-farms-charm-projekt\">LTTA \u2013 Spoleto ist Gastgeber der zweiten Schulungsveranstaltung im FARMS\u2018 CHARM-Projekt<\/a><\/h3><\/div><div class=\"dce-item dce-item_content elementor-repeater-item-8e246b3\"><div class=\"dce-post-content\">Spoleto, 3.\u20137. Juni. Die zweite Trainingsveranstaltung des FARMS\u2018 CHARM-Projekts fand in Spoleto (Italien) statt un&hellip;<\/div><\/div><div class=\"dce-item dce-item_readmore elementor-repeater-item-edea129\">\t\t<div class=\"dce-post-button\">\n\t\t\t<a href=\"https:\/\/farmscharm.com\/de\/ltta-spoleto-ist-gastgeber-der-zweiten-schulungsveranstaltung-im-farms-charm-projekt\" class=\"elementor-button-link elementor-button dce-button elementor-size-sm\" role=\"button\" >\n\t\t\tMehr lesen &gt;\t\t\t<\/a>\n\t\t<\/div>\n\t\t<\/div>\t\t\t<\/div>\n\t\t<\/article>\n\t\t\n\t\t<article class=\"post-1804 post type-post status-publish format-standard has-post-thumbnail hentry category-begegnungen dce-post dce-post-item dce-item-filterable dce-grid-filters-item dce-item-grid-filters dce-item-grid\" data-dce-post-id=\"1804\" data-dce-post-index=\"2\">\n\t\t\t<div class=\"dce-post-block\">\n\t\t<div class=\"dce-item dce-item_title elementor-repeater-item-099a576\"><h3 class=\"dce-post-title\"><a href=\"https:\/\/farmscharm.com\/de\/das-4-transnationale-projekttreffen-des-farms-charm-projekts-wurde-von-der-cyprus-agrotourism-company-in-nikosia-zypern-zwischen-12-bis-13-maerz-2024-organisiert\">Das 4. transnationale Projekttreffen des Farms&#8216; Charm Projekts wurde von der Cyprus Agrotourism Company in Nikosia, Zypern, zwischen 12. bis 13. M\u00e4rz 2024 organisiert.<\/a><\/h3><\/div><div class=\"dce-item dce-item_content elementor-repeater-item-8e246b3\"><div class=\"dce-post-content\">Das 4. transnationale Projekttreffen des Farms' Charm-Projekts wurde vom 12. bis 13. M\u00e4rz 2024 in Nikosia \u00fcber den &hellip;<\/div><\/div><div class=\"dce-item dce-item_readmore elementor-repeater-item-edea129\">\t\t<div class=\"dce-post-button\">\n\t\t\t<a href=\"https:\/\/farmscharm.com\/de\/das-4-transnationale-projekttreffen-des-farms-charm-projekts-wurde-von-der-cyprus-agrotourism-company-in-nikosia-zypern-zwischen-12-bis-13-maerz-2024-organisiert\" class=\"elementor-button-link elementor-button dce-button elementor-size-sm\" role=\"button\" >\n\t\t\tMehr lesen &gt;\t\t\t<\/a>\n\t\t<\/div>\n\t\t<\/div>\t\t\t<\/div>\n\t\t<\/article>\n\t\t\n\t\t<article class=\"post-1233 post type-post status-publish format-standard has-post-thumbnail hentry category-begegnungen category-granada-de dce-post dce-post-item dce-item-filterable dce-grid-filters-item dce-item-grid-filters dce-item-grid\" data-dce-post-id=\"1233\" data-dce-post-index=\"3\">\n\t\t\t<div class=\"dce-post-block\">\n\t\t<div class=\"dce-item dce-item_title elementor-repeater-item-099a576\"><h3 class=\"dce-post-title\"><a href=\"https:\/\/farmscharm.com\/de\/3-transnationales-projekttreffen-des-projekts-farms-charm-organisiert-von-onprojects-in-granada-spanien-am-19-und-20-september-2023\">3. transnationales Projekttreffen des Projekts Farms&#8216; Charm, organisiert von OnProjects in Granada, Spanien, am 19. und 20. September 2023<\/a><\/h3><\/div><div class=\"dce-item dce-item_content elementor-repeater-item-8e246b3\"><div class=\"dce-post-content\">W\u00e4hrend des Treffens begr\u00fc\u00dfen die gastgebende Organisation On Projects und der Projektkoordinator APF CR (Tschechis&hellip;<\/div><\/div><div class=\"dce-item dce-item_readmore elementor-repeater-item-edea129\">\t\t<div class=\"dce-post-button\">\n\t\t\t<a href=\"https:\/\/farmscharm.com\/de\/3-transnationales-projekttreffen-des-projekts-farms-charm-organisiert-von-onprojects-in-granada-spanien-am-19-und-20-september-2023\" class=\"elementor-button-link elementor-button dce-button elementor-size-sm\" role=\"button\" >\n\t\t\tMehr lesen &gt;\t\t\t<\/a>\n\t\t<\/div>\n\t\t<\/div>\t\t\t<\/div>\n\t\t<\/article>\n\t\t\n\t\t<article class=\"post-1833 post type-post status-publish format-standard has-post-thumbnail hentry category-begegnungen category-wien dce-post dce-post-item dce-item-filterable dce-grid-filters-item dce-item-grid-filters dce-item-grid\" data-dce-post-id=\"1833\" data-dce-post-index=\"4\">\n\t\t\t<div class=\"dce-post-block\">\n\t\t<div class=\"dce-item dce-item_title elementor-repeater-item-099a576\"><h3 class=\"dce-post-title\"><a href=\"https:\/\/farmscharm.com\/de\/farms-charm-lern-lehr-trainingsaktivitaet-ltta-in-wien-oesterreich\">Farms&#8216; Charm Lern-Lehr-Trainingsaktivit\u00e4t (LTTA) in Wien, \u00d6sterreich<\/a><\/h3><\/div><div class=\"dce-item dce-item_content elementor-repeater-item-8e246b3\"><div class=\"dce-post-content\">Die erste Trainingsaktivit\u00e4t im Rahmen des Projekts Farms\u2018 Charm  \u2013 Diversifizierung unternehmerischer Aktivit\u00e4ten &hellip;<\/div><\/div><div class=\"dce-item dce-item_readmore elementor-repeater-item-edea129\">\t\t<div class=\"dce-post-button\">\n\t\t\t<a href=\"https:\/\/farmscharm.com\/de\/farms-charm-lern-lehr-trainingsaktivitaet-ltta-in-wien-oesterreich\" class=\"elementor-button-link elementor-button dce-button elementor-size-sm\" role=\"button\" >\n\t\t\tMehr lesen &gt;\t\t\t<\/a>\n\t\t<\/div>\n\t\t<\/div>\t\t\t<\/div>\n\t\t<\/article>\n\t\t\n\t\t<article class=\"post-660 post type-post status-publish format-standard has-post-thumbnail hentry category-begegnungen category-wien dce-post dce-post-item dce-item-filterable dce-grid-filters-item dce-item-grid-filters dce-item-grid\" data-dce-post-id=\"660\" data-dce-post-index=\"5\">\n\t\t\t<div class=\"dce-post-block\">\n\t\t<div class=\"dce-item dce-item_title elementor-repeater-item-099a576\"><h3 class=\"dce-post-title\"><a href=\"https:\/\/farmscharm.com\/de\/2-transnationales-projekttreffen-des-farms-charm-projektes-organisiert-von-best-in-wien-oesterreich-im-maerz-2023\">2. Transnationales Projekttreffen des Farms&#8216; Charm Projektes organisiert von BEST in Wien, \u00d6sterreich im M\u00e4rz 2023<\/a><\/h3><\/div><div class=\"dce-item dce-item_content elementor-repeater-item-8e246b3\"><div class=\"dce-post-content\">W\u00e4hrend des Treffens begr\u00fc\u00dften die gastgebende Organisation BEST und der Projektkoordinator APF CR alle Anwesenden &hellip;<\/div><\/div><div class=\"dce-item dce-item_readmore elementor-repeater-item-edea129\">\t\t<div class=\"dce-post-button\">\n\t\t\t<a href=\"https:\/\/farmscharm.com\/de\/2-transnationales-projekttreffen-des-farms-charm-projektes-organisiert-von-best-in-wien-oesterreich-im-maerz-2023\" class=\"elementor-button-link elementor-button dce-button elementor-size-sm\" role=\"button\" >\n\t\t\tMehr lesen &gt;\t\t\t<\/a>\n\t\t<\/div>\n\t\t<\/div>\t\t\t<\/div>\n\t\t<\/article>\n\t\t\n\t\t<article class=\"post-672 post type-post status-publish format-standard has-post-thumbnail hentry category-begegnungen category-prag dce-post dce-post-item dce-item-filterable dce-grid-filters-item dce-item-grid-filters dce-item-grid\" data-dce-post-id=\"672\" data-dce-post-index=\"6\">\n\t\t\t<div class=\"dce-post-block\">\n\t\t<div class=\"dce-item dce-item_title elementor-repeater-item-099a576\"><h3 class=\"dce-post-title\"><a href=\"https:\/\/farmscharm.com\/de\/auftaktveranstaltung-des-projektes-farms-charm-im-verband-der-privaten-landwirte-in-prag-tschechische-republik-im-oktober-2022\">Auftaktveranstaltung des Projektes &#8222;Farms&#8216; Charm&#8220; im Verband der privaten Landwirte in Prag, Tschechische Republik, im Oktober 2022<\/a><\/h3><\/div><div class=\"dce-item dce-item_content elementor-repeater-item-8e246b3\"><div class=\"dce-post-content\">Die Auftaktveranstaltung des Projektes Farms' Charm fand vor Ende des letzten Jahres in Prag mit gro\u00dfem Erfolg stat&hellip;<\/div><\/div><div class=\"dce-item dce-item_readmore elementor-repeater-item-edea129\">\t\t<div class=\"dce-post-button\">\n\t\t\t<a href=\"https:\/\/farmscharm.com\/de\/auftaktveranstaltung-des-projektes-farms-charm-im-verband-der-privaten-landwirte-in-prag-tschechische-republik-im-oktober-2022\" class=\"elementor-button-link elementor-button dce-button elementor-size-sm\" role=\"button\" >\n\t\t\tMehr lesen &gt;\t\t\t<\/a>\n\t\t<\/div>\n\t\t<\/div>\t\t\t<\/div>\n\t\t<\/article>\n\t\t\t\t\t<\/div>\n\t\t\t\t\t<\/div>\n\t\t\t\t\t\t<\/div>\n\t\t\t\t<\/div>\n\t\t\t\t\t<\/div>\n\t\t\t\t<\/div>\n\t\t\t\t<\/div>\n\t\t","protected":false},"excerpt":{"rendered":"<p>Home > Neueste Nachrichten Alle Meetings Prague Uncategorized Vienna LTTA &#8211; Learning Teaching Training Activity in Vienna, Austria The LTTA &#8211; First training activity within the project Farms&#8216; Charm &#8211; Diversification of Entrepreneurial Activities &hellip; Mehr lesen &gt; 2nd Transnational Project Meeting of the Farms\u2019 Charm project organized by BEST in Vienna Austria in March [&hellip;]<\/p>\n","protected":false},"author":1,"featured_media":0,"parent":0,"menu_order":0,"comment_status":"closed","ping_status":"closed","template":"elementor_header_footer","meta":{"_acf_changed":false,"footnotes":""},"class_list":["post-639","page","type-page","status-publish","hentry"],"acf":[],"yoast_head":"<!-- This site is optimized with the Yoast SEO plugin v27.2 - https:\/\/yoast.com\/product\/yoast-seo-wordpress\/ -->\n<title>Nachrichten - FarmsCharm<\/title>\n<meta name=\"robots\" content=\"index, follow, max-snippet:-1, max-image-preview:large, max-video-preview:-1\" \/>\n<link rel=\"canonical\" href=\"https:\/\/farmscharm.com\/de\/nachrichten\" \/>\n<meta property=\"og:locale\" content=\"de_DE\" \/>\n<meta property=\"og:type\" content=\"article\" \/>\n<meta property=\"og:title\" content=\"Nachrichten - FarmsCharm\" \/>\n<meta property=\"og:description\" content=\"Home &gt; Neueste Nachrichten Alle Meetings Prague Uncategorized Vienna LTTA &#8211; Learning Teaching Training Activity in Vienna, Austria The LTTA &#8211; First training activity within the project Farms&#8216; Charm &#8211; Diversification of Entrepreneurial Activities &hellip; Mehr lesen &gt; 2nd Transnational Project Meeting of the Farms\u2019 Charm project organized by BEST in Vienna Austria in March [&hellip;]\" \/>\n<meta property=\"og:url\" content=\"https:\/\/farmscharm.com\/de\/nachrichten\" \/>\n<meta property=\"og:site_name\" content=\"FarmsCharm\" \/>\n<meta property=\"article:modified_time\" content=\"2023-07-12T07:08:26+00:00\" \/>\n<meta name=\"twitter:card\" content=\"summary_large_image\" \/>\n<meta name=\"twitter:label1\" content=\"Gesch\u00e4tzte Lesezeit\" \/>\n\t<meta name=\"twitter:data1\" content=\"1\u00a0Minute\" \/>\n<script type=\"application\/ld+json\" class=\"yoast-schema-graph\">{\"@context\":\"https:\/\/schema.org\",\"@graph\":[{\"@type\":\"WebPage\",\"@id\":\"https:\/\/farmscharm.com\/de\/nachrichten\",\"url\":\"https:\/\/farmscharm.com\/de\/nachrichten\",\"name\":\"Nachrichten - FarmsCharm\",\"isPartOf\":{\"@id\":\"https:\/\/farmscharm.com\/#website\"},\"datePublished\":\"2023-04-18T09:58:52+00:00\",\"dateModified\":\"2023-07-12T07:08:26+00:00\",\"breadcrumb\":{\"@id\":\"https:\/\/farmscharm.com\/de\/nachrichten#breadcrumb\"},\"inLanguage\":\"de\",\"potentialAction\":[{\"@type\":\"ReadAction\",\"target\":[\"https:\/\/farmscharm.com\/de\/nachrichten\"]}]},{\"@type\":\"BreadcrumbList\",\"@id\":\"https:\/\/farmscharm.com\/de\/nachrichten#breadcrumb\",\"itemListElement\":[{\"@type\":\"ListItem\",\"position\":1,\"name\":\"Home\",\"item\":\"https:\/\/farmscharm.com\/de\/home\"},{\"@type\":\"ListItem\",\"position\":2,\"name\":\"Nachrichten\"}]},{\"@type\":\"WebSite\",\"@id\":\"https:\/\/farmscharm.com\/#website\",\"url\":\"https:\/\/farmscharm.com\/\",\"name\":\"FarmsCharm\",\"description\":\"\",\"publisher\":{\"@id\":\"https:\/\/farmscharm.com\/#organization\"},\"potentialAction\":[{\"@type\":\"SearchAction\",\"target\":{\"@type\":\"EntryPoint\",\"urlTemplate\":\"https:\/\/farmscharm.com\/?s={search_term_string}\"},\"query-input\":{\"@type\":\"PropertyValueSpecification\",\"valueRequired\":true,\"valueName\":\"search_term_string\"}}],\"inLanguage\":\"de\"},{\"@type\":\"Organization\",\"@id\":\"https:\/\/farmscharm.com\/#organization\",\"name\":\"FarmsCharm\",\"url\":\"https:\/\/farmscharm.com\/\",\"logo\":{\"@type\":\"ImageObject\",\"inLanguage\":\"de\",\"@id\":\"https:\/\/farmscharm.com\/#\/schema\/logo\/image\/\",\"url\":\"https:\/\/farmscharm.com\/wp-content\/uploads\/2023\/03\/farms-charm-color.png\",\"contentUrl\":\"https:\/\/farmscharm.com\/wp-content\/uploads\/2023\/03\/farms-charm-color.png\",\"width\":2362,\"height\":1106,\"caption\":\"FarmsCharm\"},\"image\":{\"@id\":\"https:\/\/farmscharm.com\/#\/schema\/logo\/image\/\"}}]}<\/script>\n<!-- \/ Yoast SEO plugin. -->","yoast_head_json":{"title":"Nachrichten - FarmsCharm","robots":{"index":"index","follow":"follow","max-snippet":"max-snippet:-1","max-image-preview":"max-image-preview:large","max-video-preview":"max-video-preview:-1"},"canonical":"https:\/\/farmscharm.com\/de\/nachrichten","og_locale":"de_DE","og_type":"article","og_title":"Nachrichten - FarmsCharm","og_description":"Home > Neueste Nachrichten Alle Meetings Prague Uncategorized Vienna LTTA &#8211; Learning Teaching Training Activity in Vienna, Austria The LTTA &#8211; First training activity within the project Farms&#8216; Charm &#8211; Diversification of Entrepreneurial Activities &hellip; Mehr lesen &gt; 2nd Transnational Project Meeting of the Farms\u2019 Charm project organized by BEST in Vienna Austria in March [&hellip;]","og_url":"https:\/\/farmscharm.com\/de\/nachrichten","og_site_name":"FarmsCharm","article_modified_time":"2023-07-12T07:08:26+00:00","twitter_card":"summary_large_image","twitter_misc":{"Gesch\u00e4tzte Lesezeit":"1\u00a0Minute"},"schema":{"@context":"https:\/\/schema.org","@graph":[{"@type":"WebPage","@id":"https:\/\/farmscharm.com\/de\/nachrichten","url":"https:\/\/farmscharm.com\/de\/nachrichten","name":"Nachrichten - FarmsCharm","isPartOf":{"@id":"https:\/\/farmscharm.com\/#website"},"datePublished":"2023-04-18T09:58:52+00:00","dateModified":"2023-07-12T07:08:26+00:00","breadcrumb":{"@id":"https:\/\/farmscharm.com\/de\/nachrichten#breadcrumb"},"inLanguage":"de","potentialAction":[{"@type":"ReadAction","target":["https:\/\/farmscharm.com\/de\/nachrichten"]}]},{"@type":"BreadcrumbList","@id":"https:\/\/farmscharm.com\/de\/nachrichten#breadcrumb","itemListElement":[{"@type":"ListItem","position":1,"name":"Home","item":"https:\/\/farmscharm.com\/de\/home"},{"@type":"ListItem","position":2,"name":"Nachrichten"}]},{"@type":"WebSite","@id":"https:\/\/farmscharm.com\/#website","url":"https:\/\/farmscharm.com\/","name":"FarmsCharm","description":"","publisher":{"@id":"https:\/\/farmscharm.com\/#organization"},"potentialAction":[{"@type":"SearchAction","target":{"@type":"EntryPoint","urlTemplate":"https:\/\/farmscharm.com\/?s={search_term_string}"},"query-input":{"@type":"PropertyValueSpecification","valueRequired":true,"valueName":"search_term_string"}}],"inLanguage":"de"},{"@type":"Organization","@id":"https:\/\/farmscharm.com\/#organization","name":"FarmsCharm","url":"https:\/\/farmscharm.com\/","logo":{"@type":"ImageObject","inLanguage":"de","@id":"https:\/\/farmscharm.com\/#\/schema\/logo\/image\/","url":"https:\/\/farmscharm.com\/wp-content\/uploads\/2023\/03\/farms-charm-color.png","contentUrl":"https:\/\/farmscharm.com\/wp-content\/uploads\/2023\/03\/farms-charm-color.png","width":2362,"height":1106,"caption":"FarmsCharm"},"image":{"@id":"https:\/\/farmscharm.com\/#\/schema\/logo\/image\/"}}]}},"_links":{"self":[{"href":"https:\/\/farmscharm.com\/de\/wp-json\/wp\/v2\/pages\/639","targetHints":{"allow":["GET"]}}],"collection":[{"href":"https:\/\/farmscharm.com\/de\/wp-json\/wp\/v2\/pages"}],"about":[{"href":"https:\/\/farmscharm.com\/de\/wp-json\/wp\/v2\/types\/page"}],"author":[{"embeddable":true,"href":"https:\/\/farmscharm.com\/de\/wp-json\/wp\/v2\/users\/1"}],"replies":[{"embeddable":true,"href":"https:\/\/farmscharm.com\/de\/wp-json\/wp\/v2\/comments?post=639"}],"version-history":[{"count":5,"href":"https:\/\/farmscharm.com\/de\/wp-json\/wp\/v2\/pages\/639\/revisions"}],"predecessor-version":[{"id":943,"href":"https:\/\/farmscharm.com\/de\/wp-json\/wp\/v2\/pages\/639\/revisions\/943"}],"wp:attachment":[{"href":"https:\/\/farmscharm.com\/de\/wp-json\/wp\/v2\/media?parent=639"}],"curies":[{"name":"wp","href":"https:\/\/api.w.org\/{rel}","templated":true}]}}