{"id":641,"date":"2023-04-18T09:58:52","date_gmt":"2023-04-18T09:58:52","guid":{"rendered":"https:\/\/farmscharm.com\/zpravy"},"modified":"2024-07-24T06:24:01","modified_gmt":"2024-07-24T06:24:01","slug":"zpravy","status":"publish","type":"page","link":"https:\/\/farmscharm.com\/cs\/zpravy","title":{"rendered":"Aktuality"},"content":{"rendered":"\t\t<div data-elementor-type=\"wp-page\" data-elementor-id=\"641\" class=\"elementor elementor-641 elementor-321\" data-elementor-post-type=\"page\">\n\t\t\t\t<div class=\"elementor-element elementor-element-4f8b703 e-flex e-con-boxed e-con e-parent\" data-id=\"4f8b703\" data-element_type=\"container\" data-e-type=\"container\" data-settings=\"{&quot;background_background&quot;:&quot;classic&quot;}\">\n\t\t\t\t\t<div class=\"e-con-inner\">\n\t\t\t\t<div class=\"elementor-element elementor-element-a002d12 elementor-widget__width-auto elementor-widget elementor-widget-heading\" data-id=\"a002d12\" data-element_type=\"widget\" data-e-type=\"widget\" data-widget_type=\"heading.default\">\n\t\t\t\t<div class=\"elementor-widget-container\">\n\t\t\t\t\t<span class=\"elementor-heading-title elementor-size-default\">Dom\u016f<\/span>\t\t\t\t<\/div>\n\t\t\t\t<\/div>\n\t\t\t\t<div data-dce-title-color=\"#FFFFFF\" class=\"elementor-element elementor-element-fd57584 elementor-widget__width-auto elementor-widget elementor-widget-heading\" data-id=\"fd57584\" data-element_type=\"widget\" data-e-type=\"widget\" data-widget_type=\"heading.default\">\n\t\t\t\t<div class=\"elementor-widget-container\">\n\t\t\t\t\t<span class=\"elementor-heading-title elementor-size-default\">&gt;<\/span>\t\t\t\t<\/div>\n\t\t\t\t<\/div>\n\t\t\t\t\t<\/div>\n\t\t\t\t<\/div>\n\t\t<div class=\"elementor-element elementor-element-36f602c e-flex e-con-boxed e-con e-parent\" data-id=\"36f602c\" data-element_type=\"container\" data-e-type=\"container\">\n\t\t\t\t\t<div class=\"e-con-inner\">\n\t\t\t\t<div class=\"elementor-element elementor-element-adedea7 elementor-widget elementor-widget-heading\" data-id=\"adedea7\" data-element_type=\"widget\" data-e-type=\"widget\" data-widget_type=\"heading.default\">\n\t\t\t\t<div class=\"elementor-widget-container\">\n\t\t\t\t\t<h1 class=\"elementor-heading-title elementor-size-default\">Nejnov\u011bj\u0161\u00ed aktuality<\/h1>\t\t\t\t<\/div>\n\t\t\t\t<\/div>\n\t\t\t\t<div class=\"elementor-element elementor-element-cda6c38 dce-posts-layout-default dce-col-4 dce-col-tablet-3 dce-col-mobile-1 dce-align-left elementor-widget elementor-widget-dce-dynamicposts-v2\" data-id=\"cda6c38\" data-element_type=\"widget\" data-e-type=\"widget\" data-settings=\"{&quot;grid_filters_match_height&quot;:&quot;yes&quot;,&quot;grid_filters_match_height_by_row&quot;:&quot;true&quot;,&quot;style_items&quot;:&quot;default&quot;,&quot;grid_filters_all_filter&quot;:&quot;yes&quot;,&quot;grid_filters_all_default&quot;:&quot;yes&quot;,&quot;grid_filters_grid_type&quot;:&quot;flex&quot;}\" data-widget_type=\"dce-dynamicposts-v2.grid-filters\">\n\t\t\t\t<div class=\"elementor-widget-container\">\n\t\t\t\t\t\n\t\t<div class=\"dce-fix-background-loop dce-posts-container dce-posts dce-dynamic-posts-collection  dce-grid-filters-container dce-skin-grid-filters dce-skin-grid dce-skin-grid-flex\">\n\t\t\t<div class=\"dce-filters align-left\"><span class=\"filters-item filter-active\"><a href=\"#\" data-filter=\"*\">V\u0161echny<\/a><\/span><span class=\"filters-separator\"> <\/span><span class=\"filters-item\"><a href=\"#\" data-e-disable-page-transition=\"false\" data-filter=\".category-granada-cs\">Granada<\/a><\/span><span class=\"filters-separator\"> <\/span><span class=\"filters-item\"><a href=\"#\" data-e-disable-page-transition=\"false\" data-filter=\".category-praha\">Praha<\/a><\/span><span class=\"filters-separator\"> <\/span><span class=\"filters-item\"><a href=\"#\" data-e-disable-page-transition=\"false\" data-filter=\".category-setkani\">Setk\u00e1n\u00ed<\/a><\/span><span class=\"filters-separator\"> <\/span><span class=\"filters-item\"><a href=\"#\" data-e-disable-page-transition=\"false\" data-filter=\".category-viden\">V\u00edde\u0148<\/a><\/span><\/select><\/div>\t\t\t<div class=\"dce-posts-wrapper dce-grid-filters-wrapper dce-wrapper-grid-filters dce-wrapper-grid\">\n\t\t\t\n\t\t<article class=\"post-2163 post type-post status-publish format-standard has-post-thumbnail hentry category-setkani dce-post dce-post-item dce-item-filterable dce-grid-filters-item dce-item-grid-filters dce-item-grid\" data-dce-post-id=\"2163\" data-dce-post-index=\"0\">\n\t\t\t<div class=\"dce-post-block\">\n\t\t<div class=\"dce-item dce-item_title elementor-repeater-item-099a576\"><h3 class=\"dce-post-title\"><a href=\"https:\/\/farmscharm.com\/cs\/zaverecne-setkani-partneru-projektu-farms-charm-ve-spoletu\">Z\u00e1v\u011bre\u010dn\u00e9 setk\u00e1n\u00ed partner\u016f projektu FARMS\u00b4 CHARM ve Spoletu<\/a><\/h3><\/div><div class=\"dce-item dce-item_content elementor-repeater-item-8e246b3\"><div class=\"dce-post-content\">Ve dnech 24. a\u017e 25. z\u00e1\u0159\u00ed 2024 prob\u011bhlo v italsk\u00e9m Spoletu z\u00e1v\u011bre\u010dn\u00e9 mezin\u00e1rodn\u00ed setk\u00e1n\u00ed projektu FARMS\u00b4 CHARM, kter&hellip;<\/div><\/div><div class=\"dce-item dce-item_readmore elementor-repeater-item-edea129\">\t\t<div class=\"dce-post-button\">\n\t\t\t<a href=\"https:\/\/farmscharm.com\/cs\/zaverecne-setkani-partneru-projektu-farms-charm-ve-spoletu\" class=\"elementor-button-link elementor-button dce-button elementor-size-sm\" role=\"button\" >\n\t\t\tRead more &gt;\t\t\t<\/a>\n\t\t<\/div>\n\t\t<\/div>\t\t\t<\/div>\n\t\t<\/article>\n\t\t\n\t\t<article class=\"post-1839 post type-post status-publish format-standard has-post-thumbnail hentry category-setkani dce-post dce-post-item dce-item-filterable dce-grid-filters-item dce-item-grid-filters dce-item-grid\" data-dce-post-id=\"1839\" data-dce-post-index=\"1\">\n\t\t\t<div class=\"dce-post-block\">\n\t\t<div class=\"dce-item dce-item_title elementor-repeater-item-099a576\"><h3 class=\"dce-post-title\"><a href=\"https:\/\/farmscharm.com\/cs\/italske-spoleto-hostilo-druhe-vzdelavaci-skoleni-projektu-farms-charm\">Italsk\u00e9 Spoleto hostilo druh\u00e9 vzd\u011bl\u00e1vac\u00ed \u0161kolen\u00ed projektu FARMS\u00b4 CHARM<\/a><\/h3><\/div><div class=\"dce-item dce-item_content elementor-repeater-item-8e246b3\"><div class=\"dce-post-content\">Ve dnech 3. - 7. \u010dervna 2024 se v italsk\u00e9m Spoletu konalo druh\u00e9 vzd\u011bl\u00e1vac\u00ed \u0161kolen\u00ed projektu FARMS' CHARM po\u0159\u00e1dan\u00e9 m&hellip;<\/div><\/div><div class=\"dce-item dce-item_readmore elementor-repeater-item-edea129\">\t\t<div class=\"dce-post-button\">\n\t\t\t<a href=\"https:\/\/farmscharm.com\/cs\/italske-spoleto-hostilo-druhe-vzdelavaci-skoleni-projektu-farms-charm\" class=\"elementor-button-link elementor-button dce-button elementor-size-sm\" role=\"button\" >\n\t\t\tRead more &gt;\t\t\t<\/a>\n\t\t<\/div>\n\t\t<\/div>\t\t\t<\/div>\n\t\t<\/article>\n\t\t\n\t\t<article class=\"post-1801 post type-post status-publish format-standard has-post-thumbnail hentry category-setkani dce-post dce-post-item dce-item-filterable dce-grid-filters-item dce-item-grid-filters dce-item-grid\" data-dce-post-id=\"1801\" data-dce-post-index=\"2\">\n\t\t\t<div class=\"dce-post-block\">\n\t\t<div class=\"dce-item dce-item_title elementor-repeater-item-099a576\"><h3 class=\"dce-post-title\"><a href=\"https:\/\/farmscharm.com\/cs\/4-mezinarodni-setkani-partneru-projektu-farms-charm-poradane-ve-dnech-12-13-brezna-2024-v-kyperske-nikosii-organizaci-cyprus-agrotourism-company\">4. mezin\u00e1rodn\u00ed setk\u00e1n\u00ed partner\u016f projektu Farms&#8216; Charm po\u0159\u00e1dan\u00e9 ve dnech 12. &#8211; 13. b\u0159ezna 2024 v kypersk\u00e9 Nik\u00f3sii organizac\u00ed Cyprus Agrotourism Company<\/a><\/h3><\/div><div class=\"dce-item dce-item_content elementor-repeater-item-8e246b3\"><div class=\"dce-post-content\">\u010ctvrt\u00e9 mezin\u00e1rodn\u00ed setk\u00e1n\u00ed partner\u016f projektu Farms' Charm  uspo\u0159\u00e1dala kypersk\u00e1 organizace Cyprus Agrotourism Compan&hellip;<\/div><\/div><div class=\"dce-item dce-item_readmore elementor-repeater-item-edea129\">\t\t<div class=\"dce-post-button\">\n\t\t\t<a href=\"https:\/\/farmscharm.com\/cs\/4-mezinarodni-setkani-partneru-projektu-farms-charm-poradane-ve-dnech-12-13-brezna-2024-v-kyperske-nikosii-organizaci-cyprus-agrotourism-company\" class=\"elementor-button-link elementor-button dce-button elementor-size-sm\" role=\"button\" >\n\t\t\tRead more &gt;\t\t\t<\/a>\n\t\t<\/div>\n\t\t<\/div>\t\t\t<\/div>\n\t\t<\/article>\n\t\t\n\t\t<article class=\"post-1225 post type-post status-publish format-standard has-post-thumbnail hentry category-granada-cs category-setkani dce-post dce-post-item dce-item-filterable dce-grid-filters-item dce-item-grid-filters dce-item-grid\" data-dce-post-id=\"1225\" data-dce-post-index=\"3\">\n\t\t\t<div class=\"dce-post-block\">\n\t\t<div class=\"dce-item dce-item_title elementor-repeater-item-099a576\"><h3 class=\"dce-post-title\"><a href=\"https:\/\/farmscharm.com\/cs\/ve-dnech-19-20-zari-2023-probehlo-ve-spanelske-granade-jiz-treti-mezinarodni-setkani-partneru-projektu-farms-charm-organizovane-spolecnosti-onprojects\">Ve dnech 19. &#8211; 20. z\u00e1\u0159\u00ed 2023 prob\u011bhlo ve \u0161pan\u011blsk\u00e9 Granad\u011b ji\u017e t\u0159et\u00ed mezin\u00e1rodn\u00ed setk\u00e1n\u00ed partner\u016f projektu Farms\u00b4 Charm organizovan\u00e9 spole\u010dnost\u00ed OnProjects<\/a><\/h3><\/div><div class=\"dce-item dce-item_content elementor-repeater-item-8e246b3\"><div class=\"dce-post-content\">V pr\u016fb\u011bhu setk\u00e1n\u00ed hostitelsk\u00e1 organizace OnProjects a koordin\u00e1tor projektu Asociace soukrom\u00e9ho zem\u011bd\u011blstv\u00ed \u010cesk\u00e9 re&hellip;<\/div><\/div><div class=\"dce-item dce-item_readmore elementor-repeater-item-edea129\">\t\t<div class=\"dce-post-button\">\n\t\t\t<a href=\"https:\/\/farmscharm.com\/cs\/ve-dnech-19-20-zari-2023-probehlo-ve-spanelske-granade-jiz-treti-mezinarodni-setkani-partneru-projektu-farms-charm-organizovane-spolecnosti-onprojects\" class=\"elementor-button-link elementor-button dce-button elementor-size-sm\" role=\"button\" >\n\t\t\tRead more &gt;\t\t\t<\/a>\n\t\t<\/div>\n\t\t<\/div>\t\t\t<\/div>\n\t\t<\/article>\n\t\t\n\t\t<article class=\"post-1831 post type-post status-publish format-standard has-post-thumbnail hentry category-setkani category-viden dce-post dce-post-item dce-item-filterable dce-grid-filters-item dce-item-grid-filters dce-item-grid\" data-dce-post-id=\"1831\" data-dce-post-index=\"4\">\n\t\t\t<div class=\"dce-post-block\">\n\t\t<div class=\"dce-item dce-item_title elementor-repeater-item-099a576\"><h3 class=\"dce-post-title\"><a href=\"https:\/\/farmscharm.com\/cs\/ltta-prvni-vzdelavaci-skoleni-v-oblasti-agroturistiky-v-rakouske-vidni\">LTTA &#8211; Prvn\u00ed vzd\u011bl\u00e1vac\u00ed \u0161kolen\u00ed v oblasti agroturistiky v rakousk\u00e9 V\u00eddni<\/a><\/h3><\/div><div class=\"dce-item dce-item_content elementor-repeater-item-8e246b3\"><div class=\"dce-post-content\">Prvn\u00ed vzd\u011bl\u00e1vac\u00ed \u0161kolen\u00ed (LTTA) v r\u00e1mci projektu Farms' Charm: Diverzifikace podnikatelsk\u00fdch aktivit jako cesta k u&hellip;<\/div><\/div><div class=\"dce-item dce-item_readmore elementor-repeater-item-edea129\">\t\t<div class=\"dce-post-button\">\n\t\t\t<a href=\"https:\/\/farmscharm.com\/cs\/ltta-prvni-vzdelavaci-skoleni-v-oblasti-agroturistiky-v-rakouske-vidni\" class=\"elementor-button-link elementor-button dce-button elementor-size-sm\" role=\"button\" >\n\t\t\tRead more &gt;\t\t\t<\/a>\n\t\t<\/div>\n\t\t<\/div>\t\t\t<\/div>\n\t\t<\/article>\n\t\t\n\t\t<article class=\"post-662 post type-post status-publish format-standard has-post-thumbnail hentry category-setkani category-viden dce-post dce-post-item dce-item-filterable dce-grid-filters-item dce-item-grid-filters dce-item-grid\" data-dce-post-id=\"662\" data-dce-post-index=\"5\">\n\t\t\t<div class=\"dce-post-block\">\n\t\t<div class=\"dce-item dce-item_title elementor-repeater-item-099a576\"><h3 class=\"dce-post-title\"><a href=\"https:\/\/farmscharm.com\/cs\/druhe-mezinarodni-setkani-projektovych-partneru-farms-charm-poradane-spolecnosti-best-se-uskutecnilo-v-breznu-2023-v-rakouske-vidni\">Druh\u00e9 mezin\u00e1rodn\u00ed setk\u00e1n\u00ed projektov\u00fdch partner\u016f FARMS\u00b4 CHARM po\u0159\u00e1dan\u00e9 spole\u010dnost\u00ed BEST se uskute\u010dnilo v b\u0159eznu 2023 v rakousk\u00e9 V\u00eddni<\/a><\/h3><\/div><div class=\"dce-item dce-item_content elementor-repeater-item-8e246b3\"><div class=\"dce-post-content\">B\u011bhem dvoudenn\u00edho setk\u00e1n\u00ed hostitelsk\u00e1 organizace BEST Institut a koordin\u00e1tor projektu ASZ \u010cR v\u0161echny p\u0159iv\u00edtali ve V&hellip;<\/div><\/div><div class=\"dce-item dce-item_readmore elementor-repeater-item-edea129\">\t\t<div class=\"dce-post-button\">\n\t\t\t<a href=\"https:\/\/farmscharm.com\/cs\/druhe-mezinarodni-setkani-projektovych-partneru-farms-charm-poradane-spolecnosti-best-se-uskutecnilo-v-breznu-2023-v-rakouske-vidni\" class=\"elementor-button-link elementor-button dce-button elementor-size-sm\" role=\"button\" >\n\t\t\tRead more &gt;\t\t\t<\/a>\n\t\t<\/div>\n\t\t<\/div>\t\t\t<\/div>\n\t\t<\/article>\n\t\t\n\t\t<article class=\"post-680 post type-post status-publish format-standard has-post-thumbnail hentry category-praha category-setkani dce-post dce-post-item dce-item-filterable dce-grid-filters-item dce-item-grid-filters dce-item-grid\" data-dce-post-id=\"680\" data-dce-post-index=\"6\">\n\t\t\t<div class=\"dce-post-block\">\n\t\t<div class=\"dce-item dce-item_title elementor-repeater-item-099a576\"><h3 class=\"dce-post-title\"><a href=\"https:\/\/farmscharm.com\/cs\/prvni-setkani-projektu-farms-charm-poradane-asociaci-soukromeho-zemedelstvi-cr-probehlo-v-rijnu-2022-v-praze\">Prvn\u00ed setk\u00e1n\u00ed projektu FARMS\u00b4 CHARM po\u0159\u00e1dan\u00e9 Asociac\u00ed soukrom\u00e9ho zem\u011bd\u011blstv\u00ed \u010cR prob\u011bhlo v \u0159\u00edjnu 2022 v Praze<\/a><\/h3><\/div><div class=\"dce-item dce-item_content elementor-repeater-item-8e246b3\"><div class=\"dce-post-content\">Prvn\u00ed setk\u00e1n\u00ed projektu FARMS\u00b4 CHARM, kter\u00e9 se konalo koncem lo\u0148sk\u00e9ho roku v Praze, m\u011blo velk\u00fd \u00fasp\u011bch. B\u011bhem tohoto &hellip;<\/div><\/div><div class=\"dce-item dce-item_readmore elementor-repeater-item-edea129\">\t\t<div class=\"dce-post-button\">\n\t\t\t<a href=\"https:\/\/farmscharm.com\/cs\/prvni-setkani-projektu-farms-charm-poradane-asociaci-soukromeho-zemedelstvi-cr-probehlo-v-rijnu-2022-v-praze\" class=\"elementor-button-link elementor-button dce-button elementor-size-sm\" role=\"button\" >\n\t\t\tRead more &gt;\t\t\t<\/a>\n\t\t<\/div>\n\t\t<\/div>\t\t\t<\/div>\n\t\t<\/article>\n\t\t\t\t\t<\/div>\n\t\t\t\t\t<\/div>\n\t\t\t\t\t\t<\/div>\n\t\t\t\t<\/div>\n\t\t\t\t\t<\/div>\n\t\t\t\t<\/div>\n\t\t\t\t<\/div>\n\t\t","protected":false},"excerpt":{"rendered":"<p>Dom\u016f > Nejnov\u011bj\u0161\u00ed aktuality V\u0161echny Granada Meetings Prague Vienna LTTA &#8211; Spoleto Hosts the Second Training Event of the FARMS&#8217; CHARM Project Spoleto, June 3-7 &#8211; The second training activity of the FARMS&#8216; CHARM project was held in Spoleto, organized by the &hellip; Read more &gt; 4th Transnational Project Meeting of the Farms\u2019 Charm project [&hellip;]<\/p>\n","protected":false},"author":1,"featured_media":0,"parent":0,"menu_order":0,"comment_status":"closed","ping_status":"closed","template":"elementor_header_footer","meta":{"_acf_changed":false,"footnotes":""},"class_list":["post-641","page","type-page","status-publish","hentry"],"acf":[],"yoast_head":"<!-- This site is optimized with the Yoast SEO plugin v27.2 - https:\/\/yoast.com\/product\/yoast-seo-wordpress\/ -->\n<title>Aktuality - FarmsCharm<\/title>\n<meta name=\"robots\" content=\"index, follow, max-snippet:-1, max-image-preview:large, max-video-preview:-1\" \/>\n<link rel=\"canonical\" href=\"https:\/\/farmscharm.com\/cs\/zpravy\" \/>\n<meta property=\"og:locale\" content=\"cs_CZ\" \/>\n<meta property=\"og:type\" content=\"article\" \/>\n<meta property=\"og:title\" content=\"Aktuality - FarmsCharm\" \/>\n<meta property=\"og:description\" content=\"Dom\u016f &gt; Nejnov\u011bj\u0161\u00ed aktuality V\u0161echny Granada Meetings Prague Vienna LTTA &#8211; Spoleto Hosts the Second Training Event of the FARMS&#8217; CHARM Project Spoleto, June 3-7 &#8211; The second training activity of the FARMS&#8216; CHARM project was held in Spoleto, organized by the &hellip; Read more &gt; 4th Transnational Project Meeting of the Farms\u2019 Charm project [&hellip;]\" \/>\n<meta property=\"og:url\" content=\"https:\/\/farmscharm.com\/cs\/zpravy\" \/>\n<meta property=\"og:site_name\" content=\"FarmsCharm\" \/>\n<meta property=\"article:modified_time\" content=\"2024-07-24T06:24:01+00:00\" \/>\n<meta name=\"twitter:card\" content=\"summary_large_image\" \/>\n<meta name=\"twitter:label1\" content=\"Odhadovan\u00e1 doba \u010dten\u00ed\" \/>\n\t<meta name=\"twitter:data1\" content=\"1 minuta\" \/>\n<script type=\"application\/ld+json\" class=\"yoast-schema-graph\">{\"@context\":\"https:\/\/schema.org\",\"@graph\":[{\"@type\":\"WebPage\",\"@id\":\"https:\/\/farmscharm.com\/cs\/zpravy\",\"url\":\"https:\/\/farmscharm.com\/cs\/zpravy\",\"name\":\"Aktuality - FarmsCharm\",\"isPartOf\":{\"@id\":\"https:\/\/farmscharm.com\/#website\"},\"datePublished\":\"2023-04-18T09:58:52+00:00\",\"dateModified\":\"2024-07-24T06:24:01+00:00\",\"breadcrumb\":{\"@id\":\"https:\/\/farmscharm.com\/cs\/zpravy#breadcrumb\"},\"inLanguage\":\"cs\",\"potentialAction\":[{\"@type\":\"ReadAction\",\"target\":[\"https:\/\/farmscharm.com\/cs\/zpravy\"]}]},{\"@type\":\"BreadcrumbList\",\"@id\":\"https:\/\/farmscharm.com\/cs\/zpravy#breadcrumb\",\"itemListElement\":[{\"@type\":\"ListItem\",\"position\":1,\"name\":\"Home\",\"item\":\"https:\/\/farmscharm.com\/cs\/domu\"},{\"@type\":\"ListItem\",\"position\":2,\"name\":\"Aktuality\"}]},{\"@type\":\"WebSite\",\"@id\":\"https:\/\/farmscharm.com\/#website\",\"url\":\"https:\/\/farmscharm.com\/\",\"name\":\"FarmsCharm\",\"description\":\"\",\"publisher\":{\"@id\":\"https:\/\/farmscharm.com\/#organization\"},\"potentialAction\":[{\"@type\":\"SearchAction\",\"target\":{\"@type\":\"EntryPoint\",\"urlTemplate\":\"https:\/\/farmscharm.com\/?s={search_term_string}\"},\"query-input\":{\"@type\":\"PropertyValueSpecification\",\"valueRequired\":true,\"valueName\":\"search_term_string\"}}],\"inLanguage\":\"cs\"},{\"@type\":\"Organization\",\"@id\":\"https:\/\/farmscharm.com\/#organization\",\"name\":\"FarmsCharm\",\"url\":\"https:\/\/farmscharm.com\/\",\"logo\":{\"@type\":\"ImageObject\",\"inLanguage\":\"cs\",\"@id\":\"https:\/\/farmscharm.com\/#\/schema\/logo\/image\/\",\"url\":\"https:\/\/farmscharm.com\/wp-content\/uploads\/2023\/03\/farms-charm-color.png\",\"contentUrl\":\"https:\/\/farmscharm.com\/wp-content\/uploads\/2023\/03\/farms-charm-color.png\",\"width\":2362,\"height\":1106,\"caption\":\"FarmsCharm\"},\"image\":{\"@id\":\"https:\/\/farmscharm.com\/#\/schema\/logo\/image\/\"}}]}<\/script>\n<!-- \/ Yoast SEO plugin. -->","yoast_head_json":{"title":"Aktuality - FarmsCharm","robots":{"index":"index","follow":"follow","max-snippet":"max-snippet:-1","max-image-preview":"max-image-preview:large","max-video-preview":"max-video-preview:-1"},"canonical":"https:\/\/farmscharm.com\/cs\/zpravy","og_locale":"cs_CZ","og_type":"article","og_title":"Aktuality - FarmsCharm","og_description":"Dom\u016f > Nejnov\u011bj\u0161\u00ed aktuality V\u0161echny Granada Meetings Prague Vienna LTTA &#8211; Spoleto Hosts the Second Training Event of the FARMS&#8217; CHARM Project Spoleto, June 3-7 &#8211; The second training activity of the FARMS&#8216; CHARM project was held in Spoleto, organized by the &hellip; Read more &gt; 4th Transnational Project Meeting of the Farms\u2019 Charm project [&hellip;]","og_url":"https:\/\/farmscharm.com\/cs\/zpravy","og_site_name":"FarmsCharm","article_modified_time":"2024-07-24T06:24:01+00:00","twitter_card":"summary_large_image","twitter_misc":{"Odhadovan\u00e1 doba \u010dten\u00ed":"1 minuta"},"schema":{"@context":"https:\/\/schema.org","@graph":[{"@type":"WebPage","@id":"https:\/\/farmscharm.com\/cs\/zpravy","url":"https:\/\/farmscharm.com\/cs\/zpravy","name":"Aktuality - FarmsCharm","isPartOf":{"@id":"https:\/\/farmscharm.com\/#website"},"datePublished":"2023-04-18T09:58:52+00:00","dateModified":"2024-07-24T06:24:01+00:00","breadcrumb":{"@id":"https:\/\/farmscharm.com\/cs\/zpravy#breadcrumb"},"inLanguage":"cs","potentialAction":[{"@type":"ReadAction","target":["https:\/\/farmscharm.com\/cs\/zpravy"]}]},{"@type":"BreadcrumbList","@id":"https:\/\/farmscharm.com\/cs\/zpravy#breadcrumb","itemListElement":[{"@type":"ListItem","position":1,"name":"Home","item":"https:\/\/farmscharm.com\/cs\/domu"},{"@type":"ListItem","position":2,"name":"Aktuality"}]},{"@type":"WebSite","@id":"https:\/\/farmscharm.com\/#website","url":"https:\/\/farmscharm.com\/","name":"FarmsCharm","description":"","publisher":{"@id":"https:\/\/farmscharm.com\/#organization"},"potentialAction":[{"@type":"SearchAction","target":{"@type":"EntryPoint","urlTemplate":"https:\/\/farmscharm.com\/?s={search_term_string}"},"query-input":{"@type":"PropertyValueSpecification","valueRequired":true,"valueName":"search_term_string"}}],"inLanguage":"cs"},{"@type":"Organization","@id":"https:\/\/farmscharm.com\/#organization","name":"FarmsCharm","url":"https:\/\/farmscharm.com\/","logo":{"@type":"ImageObject","inLanguage":"cs","@id":"https:\/\/farmscharm.com\/#\/schema\/logo\/image\/","url":"https:\/\/farmscharm.com\/wp-content\/uploads\/2023\/03\/farms-charm-color.png","contentUrl":"https:\/\/farmscharm.com\/wp-content\/uploads\/2023\/03\/farms-charm-color.png","width":2362,"height":1106,"caption":"FarmsCharm"},"image":{"@id":"https:\/\/farmscharm.com\/#\/schema\/logo\/image\/"}}]}},"_links":{"self":[{"href":"https:\/\/farmscharm.com\/cs\/wp-json\/wp\/v2\/pages\/641","targetHints":{"allow":["GET"]}}],"collection":[{"href":"https:\/\/farmscharm.com\/cs\/wp-json\/wp\/v2\/pages"}],"about":[{"href":"https:\/\/farmscharm.com\/cs\/wp-json\/wp\/v2\/types\/page"}],"author":[{"embeddable":true,"href":"https:\/\/farmscharm.com\/cs\/wp-json\/wp\/v2\/users\/1"}],"replies":[{"embeddable":true,"href":"https:\/\/farmscharm.com\/cs\/wp-json\/wp\/v2\/comments?post=641"}],"version-history":[{"count":9,"href":"https:\/\/farmscharm.com\/cs\/wp-json\/wp\/v2\/pages\/641\/revisions"}],"predecessor-version":[{"id":2018,"href":"https:\/\/farmscharm.com\/cs\/wp-json\/wp\/v2\/pages\/641\/revisions\/2018"}],"wp:attachment":[{"href":"https:\/\/farmscharm.com\/cs\/wp-json\/wp\/v2\/media?parent=641"}],"curies":[{"name":"wp","href":"https:\/\/api.w.org\/{rel}","templated":true}]}}