{"id":1714,"date":"2024-05-06T05:33:15","date_gmt":"2024-05-06T05:33:15","guid":{"rendered":"https:\/\/farmscharm.com\/ochrana-osobnich-udaju"},"modified":"2024-05-06T05:47:20","modified_gmt":"2024-05-06T05:47:20","slug":"ochrana-osobnich-udaju","status":"publish","type":"page","link":"https:\/\/farmscharm.com\/cs\/ochrana-osobnich-udaju","title":{"rendered":"Ochrana osobn\u00edch \u00fadaj\u016f"},"content":{"rendered":"\t\t<div data-elementor-type=\"wp-page\" data-elementor-id=\"1714\" class=\"elementor elementor-1714 elementor-1692\" data-elementor-post-type=\"page\">\n\t\t\t\t<div class=\"elementor-element elementor-element-7e3da96c e-flex e-con-boxed e-con e-parent\" data-id=\"7e3da96c\" data-element_type=\"container\" data-e-type=\"container\" data-settings=\"{&quot;background_background&quot;:&quot;classic&quot;}\">\n\t\t\t\t\t<div class=\"e-con-inner\">\n\t\t\t\t<div class=\"elementor-element elementor-element-2ba0d8c8 elementor-widget__width-auto elementor-widget elementor-widget-heading\" data-id=\"2ba0d8c8\" data-element_type=\"widget\" data-e-type=\"widget\" data-widget_type=\"heading.default\">\n\t\t\t\t<div class=\"elementor-widget-container\">\n\t\t\t\t\t<span class=\"elementor-heading-title elementor-size-default\"><a href=\"https:\/\/farmscharm.com\/home\">Dom\u016f<\/a><\/span>\t\t\t\t<\/div>\n\t\t\t\t<\/div>\n\t\t\t\t<div data-dce-title-color=\"#FFFFFF\" class=\"elementor-element elementor-element-7e452b40 elementor-widget__width-auto elementor-widget elementor-widget-heading\" data-id=\"7e452b40\" data-element_type=\"widget\" data-e-type=\"widget\" data-widget_type=\"heading.default\">\n\t\t\t\t<div class=\"elementor-widget-container\">\n\t\t\t\t\t<span class=\"elementor-heading-title elementor-size-default\">&gt;<\/span>\t\t\t\t<\/div>\n\t\t\t\t<\/div>\n\t\t\t\t\t<\/div>\n\t\t\t\t<\/div>\n\t\t<div class=\"elementor-element elementor-element-75746329 e-flex e-con-boxed e-con e-parent\" data-id=\"75746329\" data-element_type=\"container\" data-e-type=\"container\" data-settings=\"{&quot;background_background&quot;:&quot;classic&quot;}\">\n\t\t\t\t\t<div class=\"e-con-inner\">\n\t\t\t\t\t<\/div>\n\t\t\t\t<\/div>\n\t\t<div class=\"elementor-element elementor-element-394cf1a e-flex e-con-boxed e-con e-parent\" data-id=\"394cf1a\" data-element_type=\"container\" data-e-type=\"container\">\n\t\t\t\t\t<div class=\"e-con-inner\">\n\t\t\t\t<div class=\"elementor-element elementor-element-6244cf8 elementor-widget elementor-widget-text-editor\" data-id=\"6244cf8\" data-element_type=\"widget\" data-e-type=\"widget\" data-widget_type=\"text-editor.default\">\n\t\t\t\t<div class=\"elementor-widget-container\">\n\t\t\t\t\t\t\t\t\t<p>V projektu FARMS&#8217;CHARM bereme ochranu va\u0161ich osobn\u00edch \u00fadaj\u016f velmi v\u00e1\u017en\u011b. Na\u0161\u00edm c\u00edlem je chr\u00e1nit soukrom\u00ed \u00fadaj\u016f, kter\u00e9 n\u00e1m poskytujete, a dodr\u017eovat platn\u00e9 p\u0159edpisy o ochran\u011b osobn\u00edch \u00fadaj\u016f. <\/p>\n<p><span style=\"font-weight: 400;\">V souladu se z\u00e1konem \u010d. 3\/2018 ze dne 5. prosince 2018 o ochran\u011b osobn\u00edch \u00fadaj\u016f a digit\u00e1ln\u00edch pr\u00e1v, kter\u00fd transponuje na\u0159\u00edzen\u00ed (EU) 2016\/679, v\u00e1s informujeme o na\u0161ich z\u00e1sad\u00e1ch ochrany soukrom\u00ed a osobn\u00edch \u00fadaj\u016f:<\/span><\/p>\n\t\t\t\t\t\t\t\t<\/div>\n\t\t\t\t<\/div>\n\t\t\t\t<div class=\"elementor-element elementor-element-69028f2 elementor-widget elementor-widget-heading\" data-id=\"69028f2\" data-element_type=\"widget\" data-e-type=\"widget\" data-widget_type=\"heading.default\">\n\t\t\t\t<div class=\"elementor-widget-container\">\n\t\t\t\t\t<h3 class=\"elementor-heading-title elementor-size-default\">Kdo zpracov\u00e1v\u00e1 Va\u0161e osobn\u00ed \u00fadaje?<\/h3>\t\t\t\t<\/div>\n\t\t\t\t<\/div>\n\t\t\t\t<div class=\"elementor-element elementor-element-d6c581b elementor-widget elementor-widget-text-editor\" data-id=\"d6c581b\" data-element_type=\"widget\" data-e-type=\"widget\" data-widget_type=\"text-editor.default\">\n\t\t\t\t<div class=\"elementor-widget-container\">\n\t\t\t\t\t\t\t\t\t<p><span data-sheets-value=\"{\"1\":2,\"2\":\"The organization responsible of your data is [Name of the Project Coordinator]. This is a [Type of organization] located in [City, Country].\"}\" data-sheets-userformat=\"{\"2\":15235,\"3\":{\"1\":0},\"4\":{\"1\":2,\"2\":16777215},\"10\":0,\"11\":4,\"12\":0,\"14\":{\"1\":3,\"3\":1},\"15\":\"Calibri\",\"16\":12}\" data-sheets-textstyleruns=\"{\"1\":0}\uee10{\"1\":45,\"2\":{\"2\":{\"1\":2,\"2\":16711680}}}\uee10{\"1\":78}\uee10{\"1\":90,\"2\":{\"2\":{\"1\":2,\"2\":16711680}}}\uee10{\"1\":112}\uee10{\"1\":124,\"2\":{\"2\":{\"1\":2,\"2\":16711680}}}\uee10{\"1\":139}\">Organizac\u00ed odpov\u011bdnou za va\u0161e \u00fadaje je Asociace soukrom\u00e9ho zem\u011bd\u011blstv\u00ed \u010cR (ASZ \u010cR).<\/span><\/p>\n\t\t\t\t\t\t\t\t<\/div>\n\t\t\t\t<\/div>\n\t\t<div class=\"elementor-element elementor-element-84c7da7 e-grid e-con-boxed e-con e-child\" data-id=\"84c7da7\" data-element_type=\"container\" data-e-type=\"container\">\n\t\t\t\t\t<div class=\"e-con-inner\">\n\t\t\t\t<div class=\"elementor-element elementor-element-e9df3d7 elementor-widget elementor-widget-heading\" data-id=\"e9df3d7\" data-element_type=\"widget\" data-e-type=\"widget\" data-widget_type=\"heading.default\">\n\t\t\t\t<div class=\"elementor-widget-container\">\n\t\t\t\t\t<div class=\"elementor-heading-title elementor-size-default\">Adresa<\/div>\t\t\t\t<\/div>\n\t\t\t\t<\/div>\n\t\t\t\t<div data-dce-title-color=\"#000000\" class=\"elementor-element elementor-element-c2fddf5 elementor-widget elementor-widget-heading\" data-id=\"c2fddf5\" data-element_type=\"widget\" data-e-type=\"widget\" data-widget_type=\"heading.default\">\n\t\t\t\t<div class=\"elementor-widget-container\">\n\t\t\t\t\t<div class=\"elementor-heading-title elementor-size-default\">Samcova 1, 110 00, Prague 1, Czech Republic<\/div>\t\t\t\t<\/div>\n\t\t\t\t<\/div>\n\t\t\t\t<div class=\"elementor-element elementor-element-95ef6f7 elementor-widget elementor-widget-heading\" data-id=\"95ef6f7\" data-element_type=\"widget\" data-e-type=\"widget\" data-widget_type=\"heading.default\">\n\t\t\t\t<div class=\"elementor-widget-container\">\n\t\t\t\t\t<div class=\"elementor-heading-title elementor-size-default\">Telefon<\/div>\t\t\t\t<\/div>\n\t\t\t\t<\/div>\n\t\t\t\t<div class=\"elementor-element elementor-element-a53e43e elementor-widget elementor-widget-heading\" data-id=\"a53e43e\" data-element_type=\"widget\" data-e-type=\"widget\" data-widget_type=\"heading.default\">\n\t\t\t\t<div class=\"elementor-widget-container\">\n\t\t\t\t\t<div class=\"elementor-heading-title elementor-size-default\"><a href=\"mailto:info@farmscharm.com\">info@farmscharm.com<\/a><\/div>\t\t\t\t<\/div>\n\t\t\t\t<\/div>\n\t\t\t\t\t<\/div>\n\t\t\t\t<\/div>\n\t\t\t\t<div class=\"elementor-element elementor-element-2f784a3 elementor-widget elementor-widget-heading\" data-id=\"2f784a3\" data-element_type=\"widget\" data-e-type=\"widget\" data-widget_type=\"heading.default\">\n\t\t\t\t<div class=\"elementor-widget-container\">\n\t\t\t\t\t<h3 class=\"elementor-heading-title elementor-size-default\">Jak\u00fd je \u00fa\u010del zpracov\u00e1n\u00ed?<\/h3>\t\t\t\t<\/div>\n\t\t\t\t<\/div>\n\t\t\t\t<div class=\"elementor-element elementor-element-68939fc elementor-widget elementor-widget-text-editor\" data-id=\"68939fc\" data-element_type=\"widget\" data-e-type=\"widget\" data-widget_type=\"text-editor.default\">\n\t\t\t\t<div class=\"elementor-widget-container\">\n\t\t\t\t\t\t\t\t\t<ul>\n<li style=\"font-weight: 400;\" aria-level=\"1\"><span style=\"font-weight: 400;\">Reagovat na \u017e\u00e1dosti, st\u00ed\u017enosti a incidenty p\u0159edan\u00e9 prost\u0159ednictv\u00edm na\u0161ich kontaktn\u00edch kan\u00e1l\u016f, kter\u00e9 jsou sou\u010d\u00e1st\u00ed webov\u00fdch str\u00e1nek.<\/span><\/li>\n<li style=\"font-weight: 400;\" aria-level=\"1\"><span style=\"font-weight: 400;\">K pochopen\u00ed chov\u00e1n\u00ed navig\u00e1tora na webu za \u00fa\u010delem odhalen\u00ed mo\u017en\u00fdch po\u010d\u00edta\u010dov\u00fdch \u00fatok\u016f na n\u00e1\u0161 web.<\/span><\/li>\n<li style=\"font-weight: 400;\" aria-level=\"1\"><span style=\"font-weight: 400;\">Dodr\u017eovat z\u00e1konn\u00e9 povinnosti, kter\u00e9 se na n\u00e1s p\u0159\u00edmo vztahuj\u00ed a kter\u00e9 upravuj\u00ed na\u0161i \u010dinnost.<\/span><\/li>\n<li style=\"font-weight: 400;\" aria-level=\"1\"><span style=\"font-weight: 400;\">K ochran\u011b a v\u00fdkonu na\u0161ich pr\u00e1v nebo k reakci na st\u00ed\u017enosti jak\u00e9hokoli druhu.<\/span><\/li>\n<li style=\"font-weight: 400;\" aria-level=\"1\"><span style=\"font-weight: 400;\">Zas\u00edl\u00e1n\u00ed newsletter\u016f t\u00fdkaj\u00edc\u00edch se zbo\u017e\u00ed nebo slu\u017eeb, kter\u00e9 tvo\u0159\u00ed \u010dinnost odpov\u011bdn\u00e9 osoby nebo novinek souvisej\u00edc\u00edch s jej\u00ed \u010dinnost\u00ed.<\/span><\/li>\n<\/ul>\n\t\t\t\t\t\t\t\t<\/div>\n\t\t\t\t<\/div>\n\t\t\t\t<div class=\"elementor-element elementor-element-fd7a6d7 elementor-widget elementor-widget-heading\" data-id=\"fd7a6d7\" data-element_type=\"widget\" data-e-type=\"widget\" data-widget_type=\"heading.default\">\n\t\t\t\t<div class=\"elementor-widget-container\">\n\t\t\t\t\t<h3 class=\"elementor-heading-title elementor-size-default\">Jak\u00fd je pr\u00e1vn\u00ed z\u00e1klad pro zpracov\u00e1n\u00ed?<\/h3>\t\t\t\t<\/div>\n\t\t\t\t<\/div>\n\t\t\t\t<div class=\"elementor-element elementor-element-3556e34 elementor-widget elementor-widget-text-editor\" data-id=\"3556e34\" data-element_type=\"widget\" data-e-type=\"widget\" data-widget_type=\"text-editor.default\">\n\t\t\t\t<div class=\"elementor-widget-container\">\n\t\t\t\t\t\t\t\t\t<p><span style=\"font-weight: 400;\">Pr\u00e1vn\u00edm z\u00e1kladem pro zpracov\u00e1n\u00ed va\u0161ich \u00fadaj\u016f je souhlas subjektu \u00fadaj\u016f podle \u010dl. 6 odst. 1 p\u00edsm. a) Na\u0159\u00edzen\u00ed a opr\u00e1vn\u011bn\u00fd z\u00e1jem spr\u00e1vce \u00fadaj\u016f podle \u010dl. 6 odst. 1 p\u00edsm. f) Na\u0159\u00edzen\u00ed.<\/span><\/p>\n<p><span style=\"font-weight: 400;\">\u00dadaje, kter\u00e9 od v\u00e1s po\u017eadujeme, jsou p\u0159im\u011b\u0159en\u00e9, relevantn\u00ed a nezbytn\u011b nutn\u00e9 a v \u017e\u00e1dn\u00e9m p\u0159\u00edpad\u011b nejste povinni n\u00e1m je poskytnout, ale jejich nesd\u011blen\u00ed m\u016f\u017ee m\u00edt vliv na \u00fa\u010del slu\u017eby nebo nemo\u017enost jej\u00edho poskytnut\u00ed.<\/span><\/p>\n\t\t\t\t\t\t\t\t<\/div>\n\t\t\t\t<\/div>\n\t\t\t\t<div class=\"elementor-element elementor-element-2918fdc elementor-widget elementor-widget-heading\" data-id=\"2918fdc\" data-element_type=\"widget\" data-e-type=\"widget\" data-widget_type=\"heading.default\">\n\t\t\t\t<div class=\"elementor-widget-container\">\n\t\t\t\t\t<h3 class=\"elementor-heading-title elementor-size-default\">Jak dlouho Va\u0161e \u00fadaje uchov\u00e1v\u00e1me?<\/h3>\t\t\t\t<\/div>\n\t\t\t\t<\/div>\n\t\t\t\t<div class=\"elementor-element elementor-element-37ea285 elementor-widget elementor-widget-text-editor\" data-id=\"37ea285\" data-element_type=\"widget\" data-e-type=\"widget\" data-widget_type=\"text-editor.default\">\n\t\t\t\t<div class=\"elementor-widget-container\">\n\t\t\t\t\t\t\t\t\t<p><span data-sheets-value=\"{\"1\":2,\"2\":\"Your data will be kept for the time required for the proper provision of the service offered, as well as to meet the responsibilities that may arise from it and any other legal requirement.\"}\" data-sheets-userformat=\"{\"2\":15235,\"3\":{\"1\":0},\"4\":{\"1\":2,\"2\":16777215},\"10\":0,\"11\":4,\"12\":0,\"14\":{\"1\":3,\"3\":1},\"15\":\"Calibri\",\"16\":12}\">Va\u0161e \u00fadaje budou uchov\u00e1v\u00e1ny po dobu nezbytnou k \u0159\u00e1dn\u00e9mu poskytov\u00e1n\u00ed nab\u00edzen\u00fdch slu\u017eeb, jako\u017e i k pln\u011bn\u00ed povinnost\u00ed, kter\u00e9 z nich mohou vypl\u00fdvat, a dal\u0161\u00edch z\u00e1konn\u00fdch po\u017eadavk\u016f.<\/span><\/p>\n\t\t\t\t\t\t\t\t<\/div>\n\t\t\t\t<\/div>\n\t\t\t\t<div class=\"elementor-element elementor-element-57abc89 elementor-widget elementor-widget-heading\" data-id=\"57abc89\" data-element_type=\"widget\" data-e-type=\"widget\" data-widget_type=\"heading.default\">\n\t\t\t\t<div class=\"elementor-widget-container\">\n\t\t\t\t\t<h3 class=\"elementor-heading-title elementor-size-default\">Kte\u0159\u00ed p\u0159\u00edjemci obdr\u017e\u00ed Va\u0161e data?<\/h3>\t\t\t\t<\/div>\n\t\t\t\t<\/div>\n\t\t\t\t<div class=\"elementor-element elementor-element-cb07ff5 elementor-widget elementor-widget-text-editor\" data-id=\"cb07ff5\" data-element_type=\"widget\" data-e-type=\"widget\" data-widget_type=\"text-editor.default\">\n\t\t\t\t<div class=\"elementor-widget-container\">\n\t\t\t\t\t\t\t\t\t<p><span data-sheets-value=\"{\"1\":2,\"2\":\"While processing your data, [Name of the Organization responsible for the project] may share your data with:\"}\" data-sheets-userformat=\"{\"2\":15235,\"3\":{\"1\":0},\"4\":{\"1\":2,\"2\":16777215},\"10\":0,\"11\":4,\"12\":0,\"14\":{\"1\":3,\"3\":1},\"15\":\"Calibri\",\"16\":12}\" data-sheets-textstyleruns=\"{\"1\":0}\uee10{\"1\":28,\"2\":{\"2\":{\"1\":2,\"2\":16711680}}}\uee10{\"1\":82}\">P\u0159i zpracov\u00e1n\u00ed va\u0161ich \u00fadaj\u016f m\u016f\u017ee Asociace soukrom\u00e9ho zem\u011bd\u011blstv\u00ed \u010cR sd\u00edlet va\u0161e \u00fadaje s:<\/span><\/p>\n<p><span style=\"font-weight: 400;\">On Projects Advising SL, as poskytovateli slu\u017eeb spr\u00e1vy a \u00fadr\u017eby webu.<\/span><\/p>\n\t\t\t\t\t\t\t\t<\/div>\n\t\t\t\t<\/div>\n\t\t\t\t<div class=\"elementor-element elementor-element-4b7713a elementor-widget elementor-widget-heading\" data-id=\"4b7713a\" data-element_type=\"widget\" data-e-type=\"widget\" data-widget_type=\"heading.default\">\n\t\t\t\t<div class=\"elementor-widget-container\">\n\t\t\t\t\t<h3 class=\"elementor-heading-title elementor-size-default\">Jak\u00e1 m\u00e1m pr\u00e1va?<\/h3>\t\t\t\t<\/div>\n\t\t\t\t<\/div>\n\t\t\t\t<div class=\"elementor-element elementor-element-71f73fe elementor-widget elementor-widget-text-editor\" data-id=\"71f73fe\" data-element_type=\"widget\" data-e-type=\"widget\" data-widget_type=\"text-editor.default\">\n\t\t\t\t<div class=\"elementor-widget-container\">\n\t\t\t\t\t\t\t\t\t<ul>\n<li style=\"font-weight: 400;\" aria-level=\"1\"><span style=\"font-weight: 400;\">Pr\u00e1vo na p\u0159\u00edstup: pr\u00e1vo z\u00edskat potvrzen\u00ed o tom, zda jsou osobn\u00ed \u00fadaje zpracov\u00e1v\u00e1ny, a pr\u00e1vo na p\u0159\u00edstup k t\u011bmto \u00fadaj\u016fm.<\/span><\/li>\n<li style=\"font-weight: 400;\" aria-level=\"1\"><span style=\"font-weight: 400;\">Pr\u00e1vo na opravu osobn\u00edch \u00fadaj\u016f.<\/span><\/li>\n<li style=\"font-weight: 400;\" aria-level=\"1\"><span style=\"font-weight: 400;\">Pr\u00e1vo na v\u00fdmaz.<\/span><\/li>\n<li style=\"font-weight: 400;\" aria-level=\"1\"><span style=\"font-weight: 400;\">Pr\u00e1vo na omezen\u00ed zpracov\u00e1n\u00ed.<\/span><\/li>\n<li style=\"font-weight: 400;\" aria-level=\"1\"><span style=\"font-weight: 400;\">Pr\u00e1vo na p\u0159enositelnost \u00fadaj\u016f.<\/span><\/li>\n<li style=\"font-weight: 400;\" aria-level=\"1\"><span style=\"font-weight: 400;\">Pr\u00e1vo vzn\u00e9st n\u00e1mitku: pr\u00e1vo vzn\u00e9st n\u00e1mitku proti zpracov\u00e1n\u00ed \u00fadaj\u016f.<\/span><\/li>\n<\/ul>\n<p><span style=\"font-weight: 400;\">Spr\u00e1vce si vyhrazuje pr\u00e1vo omezit pr\u00e1va uveden\u00e1 v \u010dl\u00e1nku 23 na\u0159\u00edzen\u00ed EU, pokud je takov\u00e9 omezen\u00ed nezbytn\u00e9 pro ochranu zejm\u00e9na z\u00e1kladn\u00edch pr\u00e1v a svobod a p\u0159edstavuje nezbytn\u00e9 a p\u0159im\u011b\u0159en\u00e9 opat\u0159en\u00ed.<\/span><\/p>\n\t\t\t\t\t\t\t\t<\/div>\n\t\t\t\t<\/div>\n\t\t\t\t<div class=\"elementor-element elementor-element-c8adebe elementor-widget elementor-widget-heading\" data-id=\"c8adebe\" data-element_type=\"widget\" data-e-type=\"widget\" data-widget_type=\"heading.default\">\n\t\t\t\t<div class=\"elementor-widget-container\">\n\t\t\t\t\t<h3 class=\"elementor-heading-title elementor-size-default\">Kde mohu podat st\u00ed\u017enost?<\/h3>\t\t\t\t<\/div>\n\t\t\t\t<\/div>\n\t\t\t\t<div class=\"elementor-element elementor-element-ae6ada2 elementor-widget elementor-widget-text-editor\" data-id=\"ae6ada2\" data-element_type=\"widget\" data-e-type=\"widget\" data-widget_type=\"text-editor.default\">\n\t\t\t\t<div class=\"elementor-widget-container\">\n\t\t\t\t\t\t\t\t\t<p>Pokud se n\u011bkter\u00e1 ze z\u00fa\u010dastn\u011bn\u00fdch stran domn\u00edv\u00e1, \u017ee s jej\u00edmi \u00fadaji nen\u00ed zach\u00e1zeno spr\u00e1vn\u011b, m\u016f\u017ee zaslat st\u00ed\u017enost na n\u00e1sleduj\u00edc\u00ed e-mailovou adresu: <a href=\"mailto:info@farmscharm.com\">info@farmscharm.com<\/a>.<\/p>\n<p><span style=\"font-weight: 400;\">Subjekt \u00fadaj\u016f prohla\u0161uje, \u017ee v\u0161echny tyto informace z\u00edskal.<\/span><\/p>\n\t\t\t\t\t\t\t\t<\/div>\n\t\t\t\t<\/div>\n\t\t\t\t\t<\/div>\n\t\t\t\t<\/div>\n\t\t\t\t<\/div>\n\t\t","protected":false},"excerpt":{"rendered":"<p>Dom\u016f > V projektu FARMS&#8217;CHARM bereme ochranu va\u0161ich osobn\u00edch \u00fadaj\u016f velmi v\u00e1\u017en\u011b. Na\u0161\u00edm c\u00edlem je chr\u00e1nit soukrom\u00ed \u00fadaj\u016f, kter\u00e9 n\u00e1m poskytujete, a dodr\u017eovat platn\u00e9 p\u0159edpisy o ochran\u011b osobn\u00edch \u00fadaj\u016f. V souladu se z\u00e1konem \u010d. 3\/2018 ze dne 5. prosince 2018 o ochran\u011b osobn\u00edch \u00fadaj\u016f a digit\u00e1ln\u00edch pr\u00e1v, kter\u00fd transponuje na\u0159\u00edzen\u00ed (EU) 2016\/679, v\u00e1s informujeme o [&hellip;]<\/p>\n","protected":false},"author":1,"featured_media":0,"parent":0,"menu_order":0,"comment_status":"closed","ping_status":"closed","template":"elementor_header_footer","meta":{"_acf_changed":false,"footnotes":""},"class_list":["post-1714","page","type-page","status-publish","hentry"],"acf":[],"yoast_head":"<!-- This site is optimized with the Yoast SEO plugin v27.2 - https:\/\/yoast.com\/product\/yoast-seo-wordpress\/ -->\n<title>Ochrana osobn\u00edch \u00fadaj\u016f - FarmsCharm<\/title>\n<meta name=\"robots\" content=\"index, follow, max-snippet:-1, max-image-preview:large, max-video-preview:-1\" \/>\n<link rel=\"canonical\" href=\"https:\/\/farmscharm.com\/cs\/ochrana-osobnich-udaju\" \/>\n<meta property=\"og:locale\" content=\"cs_CZ\" \/>\n<meta property=\"og:type\" content=\"article\" \/>\n<meta property=\"og:title\" content=\"Ochrana osobn\u00edch \u00fadaj\u016f - FarmsCharm\" \/>\n<meta property=\"og:description\" content=\"Dom\u016f &gt; V projektu FARMS&#8217;CHARM bereme ochranu va\u0161ich osobn\u00edch \u00fadaj\u016f velmi v\u00e1\u017en\u011b. Na\u0161\u00edm c\u00edlem je chr\u00e1nit soukrom\u00ed \u00fadaj\u016f, kter\u00e9 n\u00e1m poskytujete, a dodr\u017eovat platn\u00e9 p\u0159edpisy o ochran\u011b osobn\u00edch \u00fadaj\u016f. V souladu se z\u00e1konem \u010d. 3\/2018 ze dne 5. prosince 2018 o ochran\u011b osobn\u00edch \u00fadaj\u016f a digit\u00e1ln\u00edch pr\u00e1v, kter\u00fd transponuje na\u0159\u00edzen\u00ed (EU) 2016\/679, v\u00e1s informujeme o [&hellip;]\" \/>\n<meta property=\"og:url\" content=\"https:\/\/farmscharm.com\/cs\/ochrana-osobnich-udaju\" \/>\n<meta property=\"og:site_name\" content=\"FarmsCharm\" \/>\n<meta property=\"article:modified_time\" content=\"2024-05-06T05:47:20+00:00\" \/>\n<meta name=\"twitter:card\" content=\"summary_large_image\" \/>\n<meta name=\"twitter:label1\" content=\"Odhadovan\u00e1 doba \u010dten\u00ed\" \/>\n\t<meta name=\"twitter:data1\" content=\"3 minuty\" \/>\n<script type=\"application\/ld+json\" class=\"yoast-schema-graph\">{\"@context\":\"https:\/\/schema.org\",\"@graph\":[{\"@type\":\"WebPage\",\"@id\":\"https:\/\/farmscharm.com\/cs\/ochrana-osobnich-udaju\",\"url\":\"https:\/\/farmscharm.com\/cs\/ochrana-osobnich-udaju\",\"name\":\"Ochrana osobn\u00edch \u00fadaj\u016f - FarmsCharm\",\"isPartOf\":{\"@id\":\"https:\/\/farmscharm.com\/#website\"},\"datePublished\":\"2024-05-06T05:33:15+00:00\",\"dateModified\":\"2024-05-06T05:47:20+00:00\",\"breadcrumb\":{\"@id\":\"https:\/\/farmscharm.com\/cs\/ochrana-osobnich-udaju#breadcrumb\"},\"inLanguage\":\"cs\",\"potentialAction\":[{\"@type\":\"ReadAction\",\"target\":[\"https:\/\/farmscharm.com\/cs\/ochrana-osobnich-udaju\"]}]},{\"@type\":\"BreadcrumbList\",\"@id\":\"https:\/\/farmscharm.com\/cs\/ochrana-osobnich-udaju#breadcrumb\",\"itemListElement\":[{\"@type\":\"ListItem\",\"position\":1,\"name\":\"Home\",\"item\":\"https:\/\/farmscharm.com\/cs\/domu\"},{\"@type\":\"ListItem\",\"position\":2,\"name\":\"Ochrana osobn\u00edch \u00fadaj\u016f\"}]},{\"@type\":\"WebSite\",\"@id\":\"https:\/\/farmscharm.com\/#website\",\"url\":\"https:\/\/farmscharm.com\/\",\"name\":\"FarmsCharm\",\"description\":\"\",\"publisher\":{\"@id\":\"https:\/\/farmscharm.com\/#organization\"},\"potentialAction\":[{\"@type\":\"SearchAction\",\"target\":{\"@type\":\"EntryPoint\",\"urlTemplate\":\"https:\/\/farmscharm.com\/?s={search_term_string}\"},\"query-input\":{\"@type\":\"PropertyValueSpecification\",\"valueRequired\":true,\"valueName\":\"search_term_string\"}}],\"inLanguage\":\"cs\"},{\"@type\":\"Organization\",\"@id\":\"https:\/\/farmscharm.com\/#organization\",\"name\":\"FarmsCharm\",\"url\":\"https:\/\/farmscharm.com\/\",\"logo\":{\"@type\":\"ImageObject\",\"inLanguage\":\"cs\",\"@id\":\"https:\/\/farmscharm.com\/#\/schema\/logo\/image\/\",\"url\":\"https:\/\/farmscharm.com\/wp-content\/uploads\/2023\/03\/farms-charm-color.png\",\"contentUrl\":\"https:\/\/farmscharm.com\/wp-content\/uploads\/2023\/03\/farms-charm-color.png\",\"width\":2362,\"height\":1106,\"caption\":\"FarmsCharm\"},\"image\":{\"@id\":\"https:\/\/farmscharm.com\/#\/schema\/logo\/image\/\"}}]}<\/script>\n<!-- \/ Yoast SEO plugin. -->","yoast_head_json":{"title":"Ochrana osobn\u00edch \u00fadaj\u016f - FarmsCharm","robots":{"index":"index","follow":"follow","max-snippet":"max-snippet:-1","max-image-preview":"max-image-preview:large","max-video-preview":"max-video-preview:-1"},"canonical":"https:\/\/farmscharm.com\/cs\/ochrana-osobnich-udaju","og_locale":"cs_CZ","og_type":"article","og_title":"Ochrana osobn\u00edch \u00fadaj\u016f - FarmsCharm","og_description":"Dom\u016f > V projektu FARMS&#8217;CHARM bereme ochranu va\u0161ich osobn\u00edch \u00fadaj\u016f velmi v\u00e1\u017en\u011b. Na\u0161\u00edm c\u00edlem je chr\u00e1nit soukrom\u00ed \u00fadaj\u016f, kter\u00e9 n\u00e1m poskytujete, a dodr\u017eovat platn\u00e9 p\u0159edpisy o ochran\u011b osobn\u00edch \u00fadaj\u016f. V souladu se z\u00e1konem \u010d. 3\/2018 ze dne 5. prosince 2018 o ochran\u011b osobn\u00edch \u00fadaj\u016f a digit\u00e1ln\u00edch pr\u00e1v, kter\u00fd transponuje na\u0159\u00edzen\u00ed (EU) 2016\/679, v\u00e1s informujeme o [&hellip;]","og_url":"https:\/\/farmscharm.com\/cs\/ochrana-osobnich-udaju","og_site_name":"FarmsCharm","article_modified_time":"2024-05-06T05:47:20+00:00","twitter_card":"summary_large_image","twitter_misc":{"Odhadovan\u00e1 doba \u010dten\u00ed":"3 minuty"},"schema":{"@context":"https:\/\/schema.org","@graph":[{"@type":"WebPage","@id":"https:\/\/farmscharm.com\/cs\/ochrana-osobnich-udaju","url":"https:\/\/farmscharm.com\/cs\/ochrana-osobnich-udaju","name":"Ochrana osobn\u00edch \u00fadaj\u016f - FarmsCharm","isPartOf":{"@id":"https:\/\/farmscharm.com\/#website"},"datePublished":"2024-05-06T05:33:15+00:00","dateModified":"2024-05-06T05:47:20+00:00","breadcrumb":{"@id":"https:\/\/farmscharm.com\/cs\/ochrana-osobnich-udaju#breadcrumb"},"inLanguage":"cs","potentialAction":[{"@type":"ReadAction","target":["https:\/\/farmscharm.com\/cs\/ochrana-osobnich-udaju"]}]},{"@type":"BreadcrumbList","@id":"https:\/\/farmscharm.com\/cs\/ochrana-osobnich-udaju#breadcrumb","itemListElement":[{"@type":"ListItem","position":1,"name":"Home","item":"https:\/\/farmscharm.com\/cs\/domu"},{"@type":"ListItem","position":2,"name":"Ochrana osobn\u00edch \u00fadaj\u016f"}]},{"@type":"WebSite","@id":"https:\/\/farmscharm.com\/#website","url":"https:\/\/farmscharm.com\/","name":"FarmsCharm","description":"","publisher":{"@id":"https:\/\/farmscharm.com\/#organization"},"potentialAction":[{"@type":"SearchAction","target":{"@type":"EntryPoint","urlTemplate":"https:\/\/farmscharm.com\/?s={search_term_string}"},"query-input":{"@type":"PropertyValueSpecification","valueRequired":true,"valueName":"search_term_string"}}],"inLanguage":"cs"},{"@type":"Organization","@id":"https:\/\/farmscharm.com\/#organization","name":"FarmsCharm","url":"https:\/\/farmscharm.com\/","logo":{"@type":"ImageObject","inLanguage":"cs","@id":"https:\/\/farmscharm.com\/#\/schema\/logo\/image\/","url":"https:\/\/farmscharm.com\/wp-content\/uploads\/2023\/03\/farms-charm-color.png","contentUrl":"https:\/\/farmscharm.com\/wp-content\/uploads\/2023\/03\/farms-charm-color.png","width":2362,"height":1106,"caption":"FarmsCharm"},"image":{"@id":"https:\/\/farmscharm.com\/#\/schema\/logo\/image\/"}}]}},"_links":{"self":[{"href":"https:\/\/farmscharm.com\/cs\/wp-json\/wp\/v2\/pages\/1714","targetHints":{"allow":["GET"]}}],"collection":[{"href":"https:\/\/farmscharm.com\/cs\/wp-json\/wp\/v2\/pages"}],"about":[{"href":"https:\/\/farmscharm.com\/cs\/wp-json\/wp\/v2\/types\/page"}],"author":[{"embeddable":true,"href":"https:\/\/farmscharm.com\/cs\/wp-json\/wp\/v2\/users\/1"}],"replies":[{"embeddable":true,"href":"https:\/\/farmscharm.com\/cs\/wp-json\/wp\/v2\/comments?post=1714"}],"version-history":[{"count":5,"href":"https:\/\/farmscharm.com\/cs\/wp-json\/wp\/v2\/pages\/1714\/revisions"}],"predecessor-version":[{"id":1775,"href":"https:\/\/farmscharm.com\/cs\/wp-json\/wp\/v2\/pages\/1714\/revisions\/1775"}],"wp:attachment":[{"href":"https:\/\/farmscharm.com\/cs\/wp-json\/wp\/v2\/media?parent=1714"}],"curies":[{"name":"wp","href":"https:\/\/api.w.org\/{rel}","templated":true}]}}